{"id":735,"date":"2024-12-02T15:12:12","date_gmt":"2024-12-02T15:12:12","guid":{"rendered":"https:\/\/blacksquare-economics.com\/?page_id=735"},"modified":"2024-12-18T14:14:48","modified_gmt":"2024-12-18T14:14:48","slug":"index","status":"publish","type":"page","link":"https:\/\/blacksquare-economics.com\/de\/","title":{"rendered":"Home"},"content":{"rendered":"<div class=\"wpb-content-wrapper\"><p>[vc_row css_animation=&#8220;&#8220; row_type=&#8220;row&#8220; use_row_as_full_screen_section=&#8220;no&#8220; type=&#8220;full_width&#8220; angled_section=&#8220;no&#8220; text_align=&#8220;left&#8220; background_image_as_pattern=&#8220;without_pattern&#8220; z_index=&#8220;&#8220;][vc_column css_animation=&#8220;none&#8220; el_class=&#8220;imgtop img-top-home&#8220;][\/vc_column][\/vc_row][vc_row css_animation=&#8220;&#8220; row_type=&#8220;row&#8220; use_row_as_full_screen_section=&#8220;no&#8220; type=&#8220;grid&#8220; angled_section=&#8220;no&#8220; text_align=&#8220;left&#8220; background_image_as_pattern=&#8220;without_pattern&#8220; z_index=&#8220;&#8220;][vc_column css_animation=&#8220;none&#8220;][vc_row_inner row_type=&#8220;row&#8220; type=&#8220;grid&#8220; text_align=&#8220;left&#8220; css_animation=&#8220;&#8220;][vc_column_inner el_class=&#8220;intro neg-headline&#8220;][vc_column_text css=&#8220;&#8220;]Wissenschaft<span style=\"color: #6fd271;\"> oder<\/span>\u00a0Praxis?[\/vc_column_text][vc_column_text css=&#8220;&#8220;]<\/p>\n<h1>Wir schlagen die Br\u00fccke<\/h1>\n<p>[\/vc_column_text][\/vc_column_inner][\/vc_row_inner][\/vc_column][\/vc_row][vc_row css_animation=&#8220;&#8220; row_type=&#8220;row&#8220; use_row_as_full_screen_section=&#8220;no&#8220; type=&#8220;grid&#8220; angled_section=&#8220;no&#8220; text_align=&#8220;left&#8220; background_image_as_pattern=&#8220;without_pattern&#8220; z_index=&#8220;&#8220; el_class=&#8220;space-row&#8220;][vc_column css_animation=&#8220;none&#8220;][vc_row_inner row_type=&#8220;row&#8220; type=&#8220;grid&#8220; text_align=&#8220;left&#8220; css_animation=&#8220;&#8220;][vc_column_inner width=&#8220;5\/12&#8243;][vc_column_text css=&#8220;&#8220;]<\/p>\n<h2>Blacksquare Economics verbindet Wissenschaft und Praxis<\/h2>\n<p>[\/vc_column_text][\/vc_column_inner][\/vc_row_inner][vc_row_inner row_type=&#8220;row&#8220; type=&#8220;grid&#8220; text_align=&#8220;left&#8220; css_animation=&#8220;element_from_fade&#8220;][vc_column_inner width=&#8220;9\/12&#8243;][vc_column_text css=&#8220;.vc_custom_1734440257024{margin-bottom: 30px !important;}&#8220;]Als angewandte Wissenschaftler kennen wir den Wert innovativer wissenschaftlicher Denkans\u00e4tze und Erkenntnisse. Als erfahrene Praktiker sind wir uns der Herausforderungen bewusst, die mit der effektiven Umsetzung wissenschaftlicher Erkenntnisse in strategische Entscheidungen und operative Prozesse verbunden sind. Die Symbiose dieser beiden Perspektiven erm\u00f6glicht es uns, die Kluft zwischen Wissenschaft und Praxis zu \u00fcberbr\u00fccken.[\/vc_column_text]<a  itemprop=\"url\" href=\"https:\/\/blacksquare-economics.com\/de\/ueber-uns\/\" target=\"_self\"  class=\"qbutton  default\" style=\"\">\u00dcber uns<\/a>[\/vc_column_inner][\/vc_row_inner][\/vc_column][\/vc_row][vc_row css_animation=&#8220;&#8220; row_type=&#8220;row&#8220; use_row_as_full_screen_section=&#8220;no&#8220; type=&#8220;grid&#8220; angled_section=&#8220;no&#8220; text_align=&#8220;left&#8220; background_image_as_pattern=&#8220;without_pattern&#8220; z_index=&#8220;&#8220; el_class=&#8220;space-row&#8220;][vc_column css_animation=&#8220;none&#8220;][vc_row_inner row_type=&#8220;row&#8220; type=&#8220;grid&#8220; text_align=&#8220;left&#8220; css_animation=&#8220;element_from_fade&#8220;][vc_column_inner width=&#8220;7\/12&#8243;][vc_column_text css=&#8220;&#8220;]<\/p>\n<h2>Wer wir sind<\/h2>\n<p>[\/vc_column_text][\/vc_column_inner][\/vc_row_inner][\/vc_column][\/vc_row][vc_row css_animation=&#8220;&#8220; row_type=&#8220;row&#8220; use_row_as_full_screen_section=&#8220;no&#8220; type=&#8220;full_width&#8220; angled_section=&#8220;no&#8220; text_align=&#8220;left&#8220; background_image_as_pattern=&#8220;without_pattern&#8220; css=&#8220;.vc_custom_1733316116348{margin-top: 40px !important;}&#8220; z_index=&#8220;&#8220; el_class=&#8220;who-we-are&#8220;][vc_column width=&#8220;1\/3&#8243; css=&#8220;.vc_custom_1715610086009{margin-bottom: 25px !important;}&#8220;][vc_row_inner row_type=&#8220;row&#8220; type=&#8220;full_width&#8220; text_align=&#8220;left&#8220; css_animation=&#8220;element_from_fade&#8220;][vc_column_inner][vc_single_image image=&#8220;283&#8243; img_size=&#8220;full&#8220; onclick=&#8220;custom_link&#8220; css=&#8220;&#8220; qode_css_animation=&#8220;&#8220; qode_hover_animation=&#8220;zoom_in&#8220; link=&#8220;https:\/\/blacksquare-economics.com\/de\/ueber-uns\/&#8220;][\/vc_column_inner][\/vc_row_inner][vc_row_inner row_type=&#8220;row&#8220; type=&#8220;full_width&#8220; text_align=&#8220;left&#8220; css_animation=&#8220;&#8220;][vc_column_inner el_class=&#8220;neg-who-we-are&#8220;][vc_column_text css=&#8220;&#8220;]<\/p>\n<h4>\u00bb <a href=\"https:\/\/blacksquare-economics.com\/de\/ueber-uns\/\">WISSENSCHAFTLICH<\/a><\/h4>\n<p>[\/vc_column_text][\/vc_column_inner][\/vc_row_inner][\/vc_column][vc_column width=&#8220;1\/3&#8243; css=&#8220;.vc_custom_1715610090200{margin-bottom: 25px !important;}&#8220;][vc_row_inner row_type=&#8220;row&#8220; type=&#8220;full_width&#8220; text_align=&#8220;left&#8220; css_animation=&#8220;element_from_fade&#8220;][vc_column_inner][vc_single_image image=&#8220;284&#8243; img_size=&#8220;full&#8220; onclick=&#8220;custom_link&#8220; css=&#8220;&#8220; qode_css_animation=&#8220;&#8220; qode_hover_animation=&#8220;zoom_in&#8220; link=&#8220;https:\/\/blacksquare-economics.com\/de\/ueber-uns\/&#8220;][\/vc_column_inner][\/vc_row_inner][vc_row_inner row_type=&#8220;row&#8220; type=&#8220;full_width&#8220; text_align=&#8220;left&#8220; css_animation=&#8220;&#8220;][vc_column_inner el_class=&#8220;neg-who-we-are&#8220;][vc_column_text css=&#8220;&#8220;]<\/p>\n<h4>\u00bb <a href=\"https:\/\/blacksquare-economics.com\/de\/ueber-uns\/\">ERFAHREN<\/a><\/h4>\n<p>[\/vc_column_text][\/vc_column_inner][\/vc_row_inner][\/vc_column][vc_column width=&#8220;1\/3&#8243;][vc_row_inner row_type=&#8220;row&#8220; type=&#8220;full_width&#8220; text_align=&#8220;left&#8220; css_animation=&#8220;element_from_fade&#8220;][vc_column_inner][vc_single_image image=&#8220;282&#8243; img_size=&#8220;full&#8220; onclick=&#8220;custom_link&#8220; css=&#8220;&#8220; qode_css_animation=&#8220;&#8220; qode_hover_animation=&#8220;zoom_in&#8220; link=&#8220;https:\/\/blacksquare-economics.com\/de\/ueber-uns\/&#8220;][\/vc_column_inner][\/vc_row_inner][vc_row_inner row_type=&#8220;row&#8220; type=&#8220;full_width&#8220; text_align=&#8220;left&#8220; css_animation=&#8220;&#8220;][vc_column_inner el_class=&#8220;neg-who-we-are&#8220;][vc_column_text css=&#8220;&#8220;]<\/p>\n<h4>\u00bb <a href=\"https:\/\/blacksquare-economics.com\/de\/ueber-uns\/\">L\u00d6SUNGSORIENTIERT<\/a><\/h4>\n<p>[\/vc_column_text][\/vc_column_inner][\/vc_row_inner][\/vc_column][\/vc_row][vc_row css_animation=&#8220;element_from_fade&#8220; row_type=&#8220;row&#8220; use_row_as_full_screen_section=&#8220;no&#8220; type=&#8220;grid&#8220; angled_section=&#8220;no&#8220; text_align=&#8220;left&#8220; background_image_as_pattern=&#8220;without_pattern&#8220; el_class=&#8220;space-row&#8220; z_index=&#8220;&#8220; css=&#8220;.vc_custom_1733740474279{padding-top: 40px !important;}&#8220;][vc_column][vc_row_inner row_type=&#8220;row&#8220; type=&#8220;full_width&#8220; text_align=&#8220;left&#8220; css_animation=&#8220;&#8220;][vc_column_inner width=&#8220;5\/12&#8243;][\/vc_column_inner][vc_column_inner width=&#8220;7\/12&#8243;][vc_single_image image=&#8220;561&#8243; img_size=&#8220;full&#8220; onclick=&#8220;custom_link&#8220; css=&#8220;&#8220; qode_css_animation=&#8220;&#8220; qode_hover_animation=&#8220;zoom_in&#8220; link=&#8220;https:\/\/blacksquare-economics.com\/our-work\/seco-interest-rates\/&#8220;][\/vc_column_inner][\/vc_row_inner][vc_row_inner row_type=&#8220;row&#8220; type=&#8220;grid&#8220; text_align=&#8220;left&#8220; css_animation=&#8220;&#8220;][vc_column_inner el_class=&#8220;neg-work&#8220; width=&#8220;1\/2&#8243;][vc_column_text css=&#8220;.vc_custom_1734440729277{margin-bottom: 30px !important;}&#8220;]<\/p>\n<h2>Unsere Arbeiten<\/h2>\n<p>In unserem Projekt f\u00fcr das SECO haben wir die Auswirkungen der Negativzinspolitik auf das Verhalten von Unternehmen in der Schweiz untersucht.[\/vc_column_text]<a  itemprop=\"url\" href=\"https:\/\/blacksquare-economics.com\/de\/arbeiten\/seco-auswirkungen-einer-zinssenkung\/\" target=\"_self\"  class=\"qbutton  default\" style=\"\">Mehr erfahren<\/a>[\/vc_column_inner][vc_column_inner width=&#8220;1\/2&#8243;][\/vc_column_inner][\/vc_row_inner][\/vc_column][\/vc_row][vc_row css_animation=&#8220;&#8220; row_type=&#8220;row&#8220; use_row_as_full_screen_section=&#8220;no&#8220; type=&#8220;grid&#8220; angled_section=&#8220;no&#8220; text_align=&#8220;left&#8220; background_image_as_pattern=&#8220;without_pattern&#8220; z_index=&#8220;&#8220; el_class=&#8220;space-row&#8220;][vc_column css_animation=&#8220;none&#8220;][vc_row_inner row_type=&#8220;row&#8220; type=&#8220;grid&#8220; text_align=&#8220;left&#8220; css_animation=&#8220;element_from_fade&#8220;][vc_column_inner width=&#8220;7\/12&#8243;][vc_column_text css=&#8220;&#8220;]<\/p>\n<h2>Unsere Dienstleistungen und Kompetenzen<\/h2>\n<p>[\/vc_column_text][\/vc_column_inner][\/vc_row_inner][vc_row_inner row_type=&#8220;row&#8220; type=&#8220;grid&#8220; text_align=&#8220;left&#8220; css_animation=&#8220;element_from_fade&#8220; css=&#8220;.vc_custom_1733314982506{margin-top: 25px !important;}&#8220; el_class=&#8220;serviceblock&#8220;][vc_column_inner width=&#8220;1\/3&#8243;][vc_column_text css=&#8220;&#8220;]\u00bb <a href=\"https:\/\/blacksquare-economics.com\/de\/leistungen\/economics\/\">Economics<\/a><\/p>\n<hr \/>\n<p>\u00bb <a href=\"https:\/\/blacksquare-economics.com\/de\/leistungen\/finance\/\">Finance<\/a><\/p>\n<hr \/>\n<p>[\/vc_column_text][\/vc_column_inner][vc_column_inner el_class=&#8220;border&#8220; width=&#8220;1\/3&#8243;][vc_column_text css=&#8220;&#8220;]\u00bb <a href=\"https:\/\/blacksquare-economics.com\/de\/leistungen\/klimawandel-nachhaltigkeit\/\">Klimawandel und Nachhaltigkeit\u00a0<\/a><\/p>\n<hr \/>\n<p>\u00bb <a href=\"https:\/\/blacksquare-economics.com\/de\/leistungen\/data-science-oekonometrie\/\">Data Science &amp; \u00d6konometrie<\/a><\/p>\n<hr \/>\n<p>[\/vc_column_text][\/vc_column_inner][vc_column_inner width=&#8220;1\/3&#8243;][vc_column_text css=&#8220;&#8220;]\u00bb <a href=\"https:\/\/blacksquare-economics.com\/de\/leistungen\/politikberatung-evaluation\/\">Politikberatung &amp; Evaluation<\/a><\/p>\n<hr \/>\n<p>\u00bb <a href=\"https:\/\/blacksquare-economics.com\/de\/leistungen\/strategie-marktanalysen\/\">Strategie &amp; Marktanalysen<\/a><\/p>\n<hr \/>\n<p>[\/vc_column_text][\/vc_column_inner][\/vc_row_inner][\/vc_column][\/vc_row][vc_row css_animation=&#8220;&#8220; row_type=&#8220;row&#8220; use_row_as_full_screen_section=&#8220;no&#8220; type=&#8220;full_width&#8220; angled_section=&#8220;no&#8220; text_align=&#8220;left&#8220; background_image_as_pattern=&#8220;without_pattern&#8220; z_index=&#8220;&#8220; el_class=&#8220;space-row&#8220;][vc_column css_animation=&#8220;none&#8220; el_class=&#8220;imgfooter&#8220;][\/vc_column][\/vc_row][vc_row css_animation=&#8220;&#8220; row_type=&#8220;row&#8220; use_row_as_full_screen_section=&#8220;no&#8220; type=&#8220;full_width&#8220; angled_section=&#8220;no&#8220; text_align=&#8220;left&#8220; background_image_as_pattern=&#8220;without_pattern&#8220;][vc_column css_animation=&#8220;none&#8220;][vc_row_inner row_type=&#8220;row&#8220; type=&#8220;grid&#8220; text_align=&#8220;left&#8220; css_animation=&#8220;&#8220;][vc_column_inner el_class=&#8220;footertxt neg-line-footer&#8220; width=&#8220;1\/2&#8243;][vc_column_text css=&#8220;.vc_custom_1734440849037{margin-bottom: 30px !important;}&#8220;]<\/p>\n<h5>Kontaktieren Sie uns<\/h5>\n<p>Wenn Sie Fragen zu unseren Dienstleistungen oder Arbeiten haben, freuen wir uns, von Ihnen zu h\u00f6ren. [\/vc_column_text]<a  itemprop=\"url\" href=\"https:\/\/blacksquare-economics.com\/de\/kontakt\/\" target=\"_self\"  class=\"qbutton  white default\" style=\"\">Kontakt<\/a>[\/vc_column_inner][vc_column_inner width=&#8220;1\/2&#8243;][\/vc_column_inner][\/vc_row_inner][\/vc_column][\/vc_row]<\/p>\n<\/div>","protected":false},"excerpt":{"rendered":"<p>[vc_row css_animation=&#8220;&#8220; row_type=&#8220;row&#8220; use_row_as_full_screen_section=&#8220;no&#8220; type=&#8220;full_width&#8220; angled_section=&#8220;no&#8220; text_align=&#8220;left&#8220; background_image_as_pattern=&#8220;without_pattern&#8220; z_index=&#8220;&#8220;][vc_column css_animation=&#8220;none&#8220; el_class=&#8220;imgtop img-top-home&#8220;][\/vc_column][\/vc_row][vc_row css_animation=&#8220;&#8220; row_type=&#8220;row&#8220; use_row_as_full_screen_section=&#8220;no&#8220; type=&#8220;grid&#8220; angled_section=&#8220;no&#8220; text_align=&#8220;left&#8220; background_image_as_pattern=&#8220;without_pattern&#8220; z_index=&#8220;&#8220;][vc_column css_animation=&#8220;none&#8220;][vc_row_inner row_type=&#8220;row&#8220; type=&#8220;grid&#8220; text_align=&#8220;left&#8220; css_animation=&#8220;&#8220;][vc_column_inner el_class=&#8220;intro neg-headline&#8220;][vc_column_text css=&#8220;&#8220;]Wissenschaft oder\u00a0Praxis?[\/vc_column_text][vc_column_text css=&#8220;&#8220;] Wir schlagen die Br\u00fccke [\/vc_column_text][\/vc_column_inner][\/vc_row_inner][\/vc_column][\/vc_row][vc_row css_animation=&#8220;&#8220; row_type=&#8220;row&#8220; use_row_as_full_screen_section=&#8220;no&#8220; type=&#8220;grid&#8220; angled_section=&#8220;no&#8220; text_align=&#8220;left&#8220; background_image_as_pattern=&#8220;without_pattern&#8220; z_index=&#8220;&#8220; el_class=&#8220;space-row&#8220;][vc_column css_animation=&#8220;none&#8220;][vc_row_inner&#8230;<\/p>\n","protected":false},"author":1,"featured_media":0,"parent":0,"menu_order":0,"comment_status":"closed","ping_status":"closed","template":"full_width.php","meta":{"inline_featured_image":false,"footnotes":""},"class_list":["post-735","page","type-page","status-publish","hentry"],"_links":{"self":[{"href":"https:\/\/blacksquare-economics.com\/de\/wp-json\/wp\/v2\/pages\/735","targetHints":{"allow":["GET"]}}],"collection":[{"href":"https:\/\/blacksquare-economics.com\/de\/wp-json\/wp\/v2\/pages"}],"about":[{"href":"https:\/\/blacksquare-economics.com\/de\/wp-json\/wp\/v2\/types\/page"}],"author":[{"embeddable":true,"href":"https:\/\/blacksquare-economics.com\/de\/wp-json\/wp\/v2\/users\/1"}],"replies":[{"embeddable":true,"href":"https:\/\/blacksquare-economics.com\/de\/wp-json\/wp\/v2\/comments?post=735"}],"version-history":[{"count":9,"href":"https:\/\/blacksquare-economics.com\/de\/wp-json\/wp\/v2\/pages\/735\/revisions"}],"predecessor-version":[{"id":917,"href":"https:\/\/blacksquare-economics.com\/de\/wp-json\/wp\/v2\/pages\/735\/revisions\/917"}],"wp:attachment":[{"href":"https:\/\/blacksquare-economics.com\/de\/wp-json\/wp\/v2\/media?parent=735"}],"curies":[{"name":"wp","href":"https:\/\/api.w.org\/{rel}","templated":true}]}}