{"id":741,"date":"2024-12-04T14:07:23","date_gmt":"2024-12-04T14:07:23","guid":{"rendered":"https:\/\/blacksquare-economics.com\/?page_id=741"},"modified":"2024-12-18T09:45:16","modified_gmt":"2024-12-18T09:45:16","slug":"ueber-uns","status":"publish","type":"page","link":"https:\/\/blacksquare-economics.com\/de\/ueber-uns\/","title":{"rendered":"\u00dcber uns"},"content":{"rendered":"<div class=\"wpb-content-wrapper\"><p>[vc_row css_animation=&#8220;&#8220; row_type=&#8220;row&#8220; use_row_as_full_screen_section=&#8220;no&#8220; type=&#8220;full_width&#8220; angled_section=&#8220;no&#8220; text_align=&#8220;left&#8220; background_image_as_pattern=&#8220;without_pattern&#8220; z_index=&#8220;&#8220;][vc_column css_animation=&#8220;none&#8220; el_class=&#8220;imgtop img-top-about-us&#8220;][\/vc_column][\/vc_row][vc_row css_animation=&#8220;&#8220; row_type=&#8220;row&#8220; use_row_as_full_screen_section=&#8220;no&#8220; type=&#8220;grid&#8220; angled_section=&#8220;no&#8220; text_align=&#8220;left&#8220; background_image_as_pattern=&#8220;without_pattern&#8220; z_index=&#8220;&#8220;][vc_column css_animation=&#8220;fadeInUp&#8220;][vc_row_inner row_type=&#8220;row&#8220; type=&#8220;grid&#8220; text_align=&#8220;left&#8220; css_animation=&#8220;&#8220;][vc_column_inner el_class=&#8220;intro-us neg-headline-us&#8220;][vc_column_text css=&#8220;&#8220;]\u00dcBER BSQE[\/vc_column_text][vc_column_text css=&#8220;&#8220;]<\/p>\n<h1>\u00d6konom*innen aus Leidenschaft<\/h1>\n<p>[\/vc_column_text][\/vc_column_inner][\/vc_row_inner][\/vc_column][\/vc_row][vc_row css_animation=&#8220;&#8220; row_type=&#8220;row&#8220; use_row_as_full_screen_section=&#8220;no&#8220; type=&#8220;grid&#8220; angled_section=&#8220;no&#8220; text_align=&#8220;left&#8220; background_image_as_pattern=&#8220;without_pattern&#8220; z_index=&#8220;&#8220; el_class=&#8220;space-row&#8220;][vc_column css_animation=&#8220;none&#8220;][vc_row_inner row_type=&#8220;row&#8220; type=&#8220;grid&#8220; text_align=&#8220;left&#8220; css_animation=&#8220;element_from_fade&#8220;][vc_column_inner width=&#8220;10\/12&#8243;][vc_column_text css=&#8220;&#8220;]Blacksquare Economics GmbH (BSQE) wurde 2020 als unabh\u00e4ngiges Forschungs- und Beratungsunternehmen gegr\u00fcndet, das nationale und internationale Unternehmen sowie \u00f6ffentliche Institutionen ber\u00e4t. Die Vision von BSQE ist es, die Br\u00fccke zwischen Wissenschaft und Praxis zu schlagen, indem modernste wissenschaftliche Methoden eingesetzt werden, um evidenzbasierte Ergebnisse zur effektiven Unterst\u00fctzung von Entscheidungsprozessen zu liefern. Das starke akademische Fundament des Teams, gepaart mit umfangreicher praktischer Erfahrung, erm\u00f6glicht kreative und innovative Ans\u00e4tze, die pragmatisch und l\u00f6sungsorientiert sind. Als angewandte Wissenschaftler*innen sind wir darin geschult, Herausforderungen strukturiert anzugehen: durch konzeptionelles Erfassen der Problemstellung, Ausarbeitung strukturierter Abl\u00e4ufe, Entwicklung ma\u00dfgeschneiderter L\u00f6sungen und eine klare Kommunikation der Ergebnisse.[\/vc_column_text][\/vc_column_inner][\/vc_row_inner][\/vc_column][\/vc_row][vc_row css_animation=&#8220;&#8220; row_type=&#8220;row&#8220; use_row_as_full_screen_section=&#8220;no&#8220; type=&#8220;full_width&#8220; angled_section=&#8220;no&#8220; text_align=&#8220;center&#8220; background_image_as_pattern=&#8220;without_pattern&#8220; z_index=&#8220;&#8220; el_class=&#8220;row-color space-row&#8220;][vc_column css_animation=&#8220;fadeIn&#8220;][vc_row_inner row_type=&#8220;row&#8220; type=&#8220;grid&#8220; text_align=&#8220;left&#8220; css_animation=&#8220;&#8220; el_class=&#8220;row-color-inner&#8220;][vc_column_inner width=&#8220;10\/12&#8243;][vc_column_text css=&#8220;&#8220;]<\/p>\n<h2>Wer wir sind<\/h2>\n<h3>WISSENSCHAFTLICH<\/h3>\n<p>Wir sind ein Team von quantitativen \u00d6konom*innen mit umfassenden Kenntnissen in den Bereichen Economics, Data Science und \u00d6konometrie, Verhaltens\u00f6konomie, Digitalisierung, Banken, Finanzen, Fintech, Nachhaltigkeit, Wettbewerb und Regulierung.<\/p>\n<h3>ERFAHREN<\/h3>\n<p>Wir verf\u00fcgen \u00fcber Projekterfahrung zu vielf\u00e4ltigen Themen in unterschiedlichen Branchen und Organisationsstrukturen: innerhalb von Unternehmen, als externe Berater und in gro\u00dfen Forschungskooperationen.<\/p>\n<h3>L\u00d6SUNGSORIENTIERT<\/h3>\n<p>Unser starkes akademisches Fundament gepaart mit unserer vielf\u00e4ltigen Praxiserfahrung erm\u00f6glicht kreative und innovative Ans\u00e4tze, die pragmatisch und l\u00f6sungsorientiert sind.[\/vc_column_text][\/vc_column_inner][\/vc_row_inner][\/vc_column][\/vc_row][vc_row css_animation=&#8220;&#8220; row_type=&#8220;row&#8220; use_row_as_full_screen_section=&#8220;no&#8220; type=&#8220;grid&#8220; angled_section=&#8220;no&#8220; text_align=&#8220;left&#8220; background_image_as_pattern=&#8220;without_pattern&#8220; z_index=&#8220;&#8220; el_class=&#8220;space-row&#8220;][vc_column css_animation=&#8220;none&#8220;][vc_row_inner row_type=&#8220;row&#8220; type=&#8220;grid&#8220; text_align=&#8220;left&#8220; css_animation=&#8220;element_from_fade&#8220;][vc_column_inner width=&#8220;10\/12&#8243;][vc_column_text css=&#8220;&#8220;]<\/p>\n<h2>Unser Ansatz<\/h2>\n<h3>DATENBASIERT<\/h3>\n<p>Wir legen gro\u00dfen Wert auf empirische Analysen und das Verst\u00e4ndnis situationsspezifischer Elemente. Dieser datengetriebene Ansatz stellt sicher, dass unsere Ergebnisse auch bei ver\u00e4nderten Rahmenbedingungen Bestand haben und nachhaltige L\u00f6sungen darstellen.<\/p>\n<h3>ERKENNTNISORIENTIERT<\/h3>\n<p>Wir fragen nicht nur \u201eWas?\u201c, sondern auch \u201eWarum?\u201c. Dieser kausale Ansatz hilft uns, Ursache-Wirkungs-Zusammenh\u00e4nge zu identifizieren und in Kombination mit modernsten wissenschaftlichen Methoden neue Erkenntnisse zu gewinnen.<\/p>\n<p>Die \u00dcbertragung wissenschaftlicher Erkenntnisse in Entscheidungspraxis und ihre schnelle sowie effektive Umsetzung bleiben eine st\u00e4ndige Herausforderung.<\/p>\n<h3>ACTIONABLE<\/h3>\n<p>Als angewandte Wissenschaftler*innen sind wir darin geschult, Herausforderungen strukturiert anzugehen: die Aufgabe konzeptionell zu erfassen, Arbeitsabl\u00e4ufe in einzelne Schritte zu zerlegen, ma\u00dfgeschneiderte L\u00f6sungen zu entwickeln und die Ergebnisse effektiv zu kommunizieren. Zentrale Fragestellungen in unseren Beratungsprojekten sind:[\/vc_column_text][\/vc_column_inner][\/vc_row_inner][\/vc_column][\/vc_row][vc_row css_animation=&#8220;&#8220; row_type=&#8220;row&#8220; use_row_as_full_screen_section=&#8220;no&#8220; type=&#8220;grid&#8220; angled_section=&#8220;no&#8220; text_align=&#8220;left&#8220; background_image_as_pattern=&#8220;without_pattern&#8220; z_index=&#8220;&#8220; el_class=&#8220;space-row&#8220; css=&#8220;.vc_custom_1733485355177{margin-top: 30px !important;}&#8220;][vc_column css_animation=&#8220;none&#8220;][vc_row_inner row_type=&#8220;row&#8220; type=&#8220;full_width&#8220; text_align=&#8220;left&#8220; css_animation=&#8220;&#8220;][vc_column_inner width=&#8220;10\/12&#8243; offset=&#8220;vc_hidden-sm vc_hidden-xs&#8220;][vc_single_image image=&#8220;883&#8243; img_size=&#8220;full&#8220; css=&#8220;&#8220; qode_css_animation=&#8220;&#8220;][\/vc_column_inner][\/vc_row_inner][vc_row_inner row_type=&#8220;row&#8220; type=&#8220;full_width&#8220; text_align=&#8220;left&#8220; css_animation=&#8220;&#8220;][vc_column_inner offset=&#8220;vc_hidden-lg vc_hidden-md&#8220;][vc_single_image image=&#8220;885&#8243; img_size=&#8220;full&#8220; css=&#8220;&#8220; qode_css_animation=&#8220;&#8220;][\/vc_column_inner][\/vc_row_inner][\/vc_column][\/vc_row][vc_row css_animation=&#8220;&#8220; row_type=&#8220;row&#8220; use_row_as_full_screen_section=&#8220;no&#8220; type=&#8220;grid&#8220; angled_section=&#8220;no&#8220; text_align=&#8220;left&#8220; background_image_as_pattern=&#8220;without_pattern&#8220; z_index=&#8220;&#8220; el_class=&#8220;space-row&#8220;][vc_column css_animation=&#8220;none&#8220;][vc_row_inner row_type=&#8220;row&#8220; type=&#8220;grid&#8220; text_align=&#8220;left&#8220; css_animation=&#8220;element_from_fade&#8220;][vc_column_inner width=&#8220;7\/12&#8243;][vc_column_text css=&#8220;&#8220;]<\/p>\n<h2>Unsere Dienstleistungen und Kompetenzen<\/h2>\n<p>[\/vc_column_text][\/vc_column_inner][\/vc_row_inner][vc_row_inner row_type=&#8220;row&#8220; type=&#8220;grid&#8220; text_align=&#8220;left&#8220; css_animation=&#8220;element_from_fade&#8220; css=&#8220;.vc_custom_1733314982506{margin-top: 25px !important;}&#8220; el_class=&#8220;serviceblock&#8220;][vc_column_inner width=&#8220;1\/3&#8243;][vc_column_text css=&#8220;&#8220;]\u00bb <a href=\"https:\/\/blacksquare-economics.com\/de\/leistungen\/economics\/\">Economics<\/a><\/p>\n<hr \/>\n<p>\u00bb <a href=\"https:\/\/blacksquare-economics.com\/de\/leistungen\/finance\/\">Finance<\/a><\/p>\n<hr \/>\n<p>[\/vc_column_text][\/vc_column_inner][vc_column_inner el_class=&#8220;border&#8220; width=&#8220;1\/3&#8243;][vc_column_text css=&#8220;&#8220;]\u00bb <a href=\"https:\/\/blacksquare-economics.com\/de\/leistungen\/klimawandel-nachhaltigkeit\/\">Klimawandel und Nachhaltigkeit\u00a0<\/a><\/p>\n<hr \/>\n<p>\u00bb <a href=\"https:\/\/blacksquare-economics.com\/de\/leistungen\/data-science-oekonometrie\/\">Data Science &amp; \u00d6konometrie<\/a><\/p>\n<hr \/>\n<p>[\/vc_column_text][\/vc_column_inner][vc_column_inner width=&#8220;1\/3&#8243;][vc_column_text css=&#8220;&#8220;]\u00bb <a href=\"https:\/\/blacksquare-economics.com\/de\/leistungen\/politikberatung-evaluation\/\">Politikberatung &amp; Evaluation<\/a><\/p>\n<hr \/>\n<p>\u00bb <a href=\"https:\/\/blacksquare-economics.com\/de\/leistungen\/strategie-marktanalysen\/\">Strategie &amp; Marktanalysen<\/a><\/p>\n<hr \/>\n<p>[\/vc_column_text][\/vc_column_inner][\/vc_row_inner][\/vc_column][\/vc_row][vc_row css_animation=&#8220;&#8220; row_type=&#8220;row&#8220; use_row_as_full_screen_section=&#8220;no&#8220; type=&#8220;full_width&#8220; angled_section=&#8220;no&#8220; text_align=&#8220;left&#8220; background_image_as_pattern=&#8220;without_pattern&#8220; z_index=&#8220;&#8220; el_class=&#8220;space-row&#8220;][vc_column css_animation=&#8220;none&#8220; el_class=&#8220;imgfooter&#8220;][\/vc_column][\/vc_row][vc_row css_animation=&#8220;&#8220; row_type=&#8220;row&#8220; use_row_as_full_screen_section=&#8220;no&#8220; type=&#8220;full_width&#8220; angled_section=&#8220;no&#8220; text_align=&#8220;left&#8220; background_image_as_pattern=&#8220;without_pattern&#8220;][vc_column css_animation=&#8220;none&#8220;][vc_row_inner row_type=&#8220;row&#8220; type=&#8220;grid&#8220; text_align=&#8220;left&#8220; css_animation=&#8220;&#8220;][vc_column_inner el_class=&#8220;footertxt neg-line-footer&#8220; width=&#8220;1\/2&#8243;][vc_column_text css=&#8220;.vc_custom_1734440849037{margin-bottom: 30px !important;}&#8220;]<\/p>\n<h5>Kontaktieren Sie uns<\/h5>\n<p>Wenn Sie Fragen zu unseren Dienstleistungen oder Arbeiten haben, freuen wir uns, von Ihnen zu h\u00f6ren. [\/vc_column_text]<a  itemprop=\"url\" href=\"https:\/\/blacksquare-economics.com\/de\/kontakt\/\" target=\"_self\"  class=\"qbutton  white default\" style=\"\">Kontakt<\/a>[\/vc_column_inner][vc_column_inner width=&#8220;1\/2&#8243;][\/vc_column_inner][\/vc_row_inner][\/vc_column][\/vc_row]<\/p>\n<\/div>","protected":false},"excerpt":{"rendered":"<p>[vc_row css_animation=&#8220;&#8220; row_type=&#8220;row&#8220; use_row_as_full_screen_section=&#8220;no&#8220; type=&#8220;full_width&#8220; angled_section=&#8220;no&#8220; text_align=&#8220;left&#8220; background_image_as_pattern=&#8220;without_pattern&#8220; z_index=&#8220;&#8220;][vc_column css_animation=&#8220;none&#8220; el_class=&#8220;imgtop img-top-about-us&#8220;][\/vc_column][\/vc_row][vc_row css_animation=&#8220;&#8220; row_type=&#8220;row&#8220; use_row_as_full_screen_section=&#8220;no&#8220; type=&#8220;grid&#8220; angled_section=&#8220;no&#8220; text_align=&#8220;left&#8220; background_image_as_pattern=&#8220;without_pattern&#8220; z_index=&#8220;&#8220;][vc_column css_animation=&#8220;fadeInUp&#8220;][vc_row_inner row_type=&#8220;row&#8220; type=&#8220;grid&#8220; text_align=&#8220;left&#8220; css_animation=&#8220;&#8220;][vc_column_inner el_class=&#8220;intro-us neg-headline-us&#8220;][vc_column_text css=&#8220;&#8220;]\u00dcBER BSQE[\/vc_column_text][vc_column_text css=&#8220;&#8220;] \u00d6konom*innen aus Leidenschaft [\/vc_column_text][\/vc_column_inner][\/vc_row_inner][\/vc_column][\/vc_row][vc_row css_animation=&#8220;&#8220; row_type=&#8220;row&#8220; use_row_as_full_screen_section=&#8220;no&#8220; type=&#8220;grid&#8220; angled_section=&#8220;no&#8220; text_align=&#8220;left&#8220; background_image_as_pattern=&#8220;without_pattern&#8220; z_index=&#8220;&#8220; el_class=&#8220;space-row&#8220;][vc_column css_animation=&#8220;none&#8220;][vc_row_inner row_type=&#8220;row&#8220;&#8230;<\/p>\n","protected":false},"author":1,"featured_media":0,"parent":0,"menu_order":0,"comment_status":"closed","ping_status":"closed","template":"full_width.php","meta":{"inline_featured_image":false,"footnotes":""},"class_list":["post-741","page","type-page","status-publish","hentry"],"_links":{"self":[{"href":"https:\/\/blacksquare-economics.com\/de\/wp-json\/wp\/v2\/pages\/741","targetHints":{"allow":["GET"]}}],"collection":[{"href":"https:\/\/blacksquare-economics.com\/de\/wp-json\/wp\/v2\/pages"}],"about":[{"href":"https:\/\/blacksquare-economics.com\/de\/wp-json\/wp\/v2\/types\/page"}],"author":[{"embeddable":true,"href":"https:\/\/blacksquare-economics.com\/de\/wp-json\/wp\/v2\/users\/1"}],"replies":[{"embeddable":true,"href":"https:\/\/blacksquare-economics.com\/de\/wp-json\/wp\/v2\/comments?post=741"}],"version-history":[{"count":7,"href":"https:\/\/blacksquare-economics.com\/de\/wp-json\/wp\/v2\/pages\/741\/revisions"}],"predecessor-version":[{"id":887,"href":"https:\/\/blacksquare-economics.com\/de\/wp-json\/wp\/v2\/pages\/741\/revisions\/887"}],"wp:attachment":[{"href":"https:\/\/blacksquare-economics.com\/de\/wp-json\/wp\/v2\/media?parent=741"}],"curies":[{"name":"wp","href":"https:\/\/api.w.org\/{rel}","templated":true}]}}