{"id":755,"date":"2024-12-05T13:32:55","date_gmt":"2024-12-05T13:32:55","guid":{"rendered":"https:\/\/blacksquare-economics.com\/?page_id=755"},"modified":"2024-12-17T15:38:06","modified_gmt":"2024-12-17T15:38:06","slug":"economics","status":"publish","type":"page","link":"https:\/\/blacksquare-economics.com\/de\/leistungen\/economics\/","title":{"rendered":"Economics"},"content":{"rendered":"<div class=\"wpb-content-wrapper\"><p>[vc_row css_animation=&#8220;&#8220; row_type=&#8220;row&#8220; use_row_as_full_screen_section=&#8220;no&#8220; type=&#8220;full_width&#8220; angled_section=&#8220;no&#8220; text_align=&#8220;left&#8220; background_image_as_pattern=&#8220;without_pattern&#8220; z_index=&#8220;&#8220;][vc_column css_animation=&#8220;none&#8220; el_class=&#8220;imgtop img-top-economics&#8220;][\/vc_column][\/vc_row][vc_row css_animation=&#8220;&#8220; row_type=&#8220;row&#8220; use_row_as_full_screen_section=&#8220;no&#8220; type=&#8220;grid&#8220; angled_section=&#8220;no&#8220; text_align=&#8220;left&#8220; background_image_as_pattern=&#8220;without_pattern&#8220; z_index=&#8220;&#8220;][vc_column css_animation=&#8220;fadeInUp&#8220;][vc_row_inner row_type=&#8220;row&#8220; type=&#8220;grid&#8220; text_align=&#8220;left&#8220; css_animation=&#8220;&#8220;][vc_column_inner el_class=&#8220;intro-us neg-headline-us&#8220; width=&#8220;7\/12&#8243;][vc_column_text css=&#8220;&#8220;]UNSERE DIENSTLEISTUNGEN[\/vc_column_text][vc_column_text css=&#8220;&#8220;]<\/p>\n<h1>Economics<\/h1>\n<p>[\/vc_column_text][\/vc_column_inner][\/vc_row_inner][\/vc_column][\/vc_row][vc_row css_animation=&#8220;&#8220; row_type=&#8220;row&#8220; use_row_as_full_screen_section=&#8220;no&#8220; type=&#8220;grid&#8220; angled_section=&#8220;no&#8220; text_align=&#8220;left&#8220; background_image_as_pattern=&#8220;without_pattern&#8220; z_index=&#8220;&#8220; el_class=&#8220;space-row&#8220;][vc_column css_animation=&#8220;none&#8220;][vc_row_inner row_type=&#8220;row&#8220; type=&#8220;grid&#8220; text_align=&#8220;left&#8220; css_animation=&#8220;element_from_fade&#8220;][vc_column_inner width=&#8220;9\/12&#8243;][vc_column_text css=&#8220;&#8220;]Blacksquare Economics liefert Expertenanalysen, die Unternehmen und Regierungen dabei helfen, faktenbasierte Entscheidungen zu treffen, indem sie sowohl wissenschaftlich fundierte empirische als auch theoretische Analysen liefern. Durch den Einsatz von Daten, \u00f6konomischer Theorie und moderner Modellierung l\u00f6sen wir komplexe Probleme, bewerten politische Handlungsoptionen und optimieren Strategien. Ergebnisse unserer Arbeit tragen u.a. zu einer effizienteren Ressourcenzuweisung, wirksameren Politikentwicklung und finanziellem Wachstum bei.<\/p>\n<h3>Verhaltens\u00f6konomie<\/h3>\n<p>Die Verhaltens\u00f6konomie bietet wertvolle Perspektiven f\u00fcr die \u00f6konomische Beratung, indem sie psychologische Faktoren in das Verst\u00e4ndnis wirtschaftlicher Entscheidungen einbezieht und so die Effektivit\u00e4t von Politik verbessert. Durch das Verst\u00e4ndnis von Ph\u00e4nomenen wie Verlustaversion oder Selbst\u00fcbersch\u00e4tzung kann die tats\u00e4chliches menschliches Verhalten bei der Entwicklung politischer Ma\u00dfnahmen ber\u00fccksichtigt werden. Traditionelle Modelle gehen oft von Rationalit\u00e4t aus und \u00fcbersehen dabei wichtige Verhaltensmuster. Wenn man zum Beispiel die Auswirkungen von Standardoptionen auf die Altersvorsorge erkennt, kann man die Entscheidungsfindung hinsichtlich des richtigen Betrags, den man jeden Monat zur\u00fccklegen sollte, erheblich verbessern. Die Verhaltens\u00f6konomie erm\u00f6glicht es Berater*innen und Entscheidungstr\u00e4ger*innen , pr\u00e4zisere, ma\u00dfgeschneiderte Empfehlungen zu geben, um soziale Herausforderungen zu bew\u00e4ltigen und die gew\u00fcnschten wirtschaftlichen Ergebnisse effektiver zu erzielen. Dieser Ansatz f\u00fchrt letztlich zu einer effizienteren und menschenzentrierten Politik.<\/p>\n<h3>Digitale M\u00e4rkte<\/h3>\n<p>Bei Blacksquare Economics kombinieren wir wissenschaftlich-fundierte Analysen mit fortschrittlichen datengest\u00fctzten Methoden, um die Mechanismen zu entschl\u00fcsseln, die die digitale Wirtschaft pr\u00e4gen. Um die Komplexit\u00e4t digitaler M\u00e4rkte und Umgebungen zu verstehen, bedarf es mehr als nur einer reaktiven Haltung &#8211; es bedarf eines robusten Rahmens, der in der Lage ist, st\u00e4ndiger Innovation und St\u00f6rung nicht nur standzuhalten, sondern sie auch zu nutzen. Unser Ansatz stellt sicher, dass die Strategien an den schnellen technologischen Wandel angepasst werden k\u00f6nnen und gleichzeitig nachhaltig und dauerhaft sind. Indem wir die wichtigsten wirtschaftlichen Mechanismen, die bestimmte Trends vorantreiben, aufzeigen, sind unsere Erkenntnisse so konzipiert, dass sie \u00fcber einen l\u00e4ngeren Zeitraum hinweg relevant bleiben. So k\u00f6nnen unsere Kunden unmittelbare Herausforderungen angehen und sind gleichzeitig auf zuk\u00fcnftige, unvorhergesehene Ver\u00e4nderungen in der digitalen Landschaft und technologische Durchbr\u00fcche vorbereitet.[\/vc_column_text][\/vc_column_inner][\/vc_row_inner][\/vc_column][\/vc_row][vc_row css_animation=&#8220;&#8220; row_type=&#8220;row&#8220; use_row_as_full_screen_section=&#8220;no&#8220; type=&#8220;grid&#8220; angled_section=&#8220;no&#8220; text_align=&#8220;left&#8220; background_image_as_pattern=&#8220;without_pattern&#8220; z_index=&#8220;&#8220; el_class=&#8220;space-row&#8220;][vc_column css_animation=&#8220;none&#8220;][vc_row_inner row_type=&#8220;row&#8220; type=&#8220;grid&#8220; text_align=&#8220;left&#8220; css_animation=&#8220;element_from_fade&#8220;][vc_column_inner width=&#8220;7\/12&#8243;][vc_column_text css=&#8220;&#8220;]<\/p>\n<h2>Unsere Dienstleistungen und Kompetenzen<\/h2>\n<p>[\/vc_column_text][\/vc_column_inner][\/vc_row_inner][vc_row_inner row_type=&#8220;row&#8220; type=&#8220;grid&#8220; text_align=&#8220;left&#8220; css_animation=&#8220;element_from_fade&#8220; css=&#8220;.vc_custom_1733314982506{margin-top: 25px !important;}&#8220; el_class=&#8220;serviceblock&#8220;][vc_column_inner width=&#8220;1\/3&#8243;][vc_column_text css=&#8220;&#8220;]\u00bb <a href=\"https:\/\/blacksquare-economics.com\/de\/leistungen\/economics\/\">Economics<\/a><\/p>\n<hr \/>\n<p>\u00bb <a href=\"https:\/\/blacksquare-economics.com\/de\/leistungen\/finance\/\">Finance<\/a><\/p>\n<hr \/>\n<p>[\/vc_column_text][\/vc_column_inner][vc_column_inner el_class=&#8220;border&#8220; width=&#8220;1\/3&#8243;][vc_column_text css=&#8220;&#8220;]\u00bb <a href=\"https:\/\/blacksquare-economics.com\/de\/leistungen\/klimawandel-nachhaltigkeit\/\">Klimawandel und Nachhaltigkeit\u00a0<\/a><\/p>\n<hr \/>\n<p>\u00bb <a href=\"https:\/\/blacksquare-economics.com\/de\/leistungen\/data-science-oekonometrie\/\">Data Science &amp; \u00d6konometrie<\/a><\/p>\n<hr \/>\n<p>[\/vc_column_text][\/vc_column_inner][vc_column_inner width=&#8220;1\/3&#8243;][vc_column_text css=&#8220;&#8220;]\u00bb <a href=\"https:\/\/blacksquare-economics.com\/de\/leistungen\/politikberatung-evaluation\/\">Politikberatung &amp; Evaluation<\/a><\/p>\n<hr \/>\n<p>\u00bb <a href=\"https:\/\/blacksquare-economics.com\/de\/leistungen\/strategie-marktanalysen\/\">Strategie &amp; Marktanalysen<\/a><\/p>\n<hr \/>\n<p>[\/vc_column_text][\/vc_column_inner][\/vc_row_inner][\/vc_column][\/vc_row][vc_row css_animation=&#8220;&#8220; row_type=&#8220;row&#8220; use_row_as_full_screen_section=&#8220;no&#8220; type=&#8220;full_width&#8220; angled_section=&#8220;no&#8220; text_align=&#8220;left&#8220; background_image_as_pattern=&#8220;without_pattern&#8220; z_index=&#8220;&#8220; el_class=&#8220;space-row&#8220;][vc_column css_animation=&#8220;none&#8220; el_class=&#8220;imgfooter&#8220;][\/vc_column][\/vc_row][vc_row css_animation=&#8220;&#8220; row_type=&#8220;row&#8220; use_row_as_full_screen_section=&#8220;no&#8220; type=&#8220;full_width&#8220; angled_section=&#8220;no&#8220; text_align=&#8220;left&#8220; background_image_as_pattern=&#8220;without_pattern&#8220;][vc_column css_animation=&#8220;none&#8220;][vc_row_inner row_type=&#8220;row&#8220; type=&#8220;grid&#8220; text_align=&#8220;left&#8220; css_animation=&#8220;&#8220;][vc_column_inner el_class=&#8220;footertxt neg-line-footer&#8220; width=&#8220;1\/2&#8243;][vc_column_text css=&#8220;.vc_custom_1734440849037{margin-bottom: 30px !important;}&#8220;]<\/p>\n<h5>Kontaktieren Sie uns<\/h5>\n<p>Wenn Sie Fragen zu unseren Dienstleistungen oder Arbeiten haben, freuen wir uns, von Ihnen zu h\u00f6ren. [\/vc_column_text]<a  itemprop=\"url\" href=\"https:\/\/blacksquare-economics.com\/de\/kontakt\/\" target=\"_self\"  class=\"qbutton  white default\" style=\"\">Kontakt<\/a>[\/vc_column_inner][vc_column_inner width=&#8220;1\/2&#8243;][\/vc_column_inner][\/vc_row_inner][\/vc_column][\/vc_row]<\/p>\n<\/div>","protected":false},"excerpt":{"rendered":"<p>[vc_row css_animation=&#8220;&#8220; row_type=&#8220;row&#8220; use_row_as_full_screen_section=&#8220;no&#8220; type=&#8220;full_width&#8220; angled_section=&#8220;no&#8220; text_align=&#8220;left&#8220; background_image_as_pattern=&#8220;without_pattern&#8220; z_index=&#8220;&#8220;][vc_column css_animation=&#8220;none&#8220; el_class=&#8220;imgtop img-top-economics&#8220;][\/vc_column][\/vc_row][vc_row css_animation=&#8220;&#8220; row_type=&#8220;row&#8220; use_row_as_full_screen_section=&#8220;no&#8220; type=&#8220;grid&#8220; angled_section=&#8220;no&#8220; text_align=&#8220;left&#8220; background_image_as_pattern=&#8220;without_pattern&#8220; z_index=&#8220;&#8220;][vc_column css_animation=&#8220;fadeInUp&#8220;][vc_row_inner row_type=&#8220;row&#8220; type=&#8220;grid&#8220; text_align=&#8220;left&#8220; css_animation=&#8220;&#8220;][vc_column_inner el_class=&#8220;intro-us neg-headline-us&#8220; width=&#8220;7\/12&#8243;][vc_column_text css=&#8220;&#8220;]UNSERE DIENSTLEISTUNGEN[\/vc_column_text][vc_column_text css=&#8220;&#8220;] Economics [\/vc_column_text][\/vc_column_inner][\/vc_row_inner][\/vc_column][\/vc_row][vc_row css_animation=&#8220;&#8220; row_type=&#8220;row&#8220; use_row_as_full_screen_section=&#8220;no&#8220; type=&#8220;grid&#8220; angled_section=&#8220;no&#8220; text_align=&#8220;left&#8220; background_image_as_pattern=&#8220;without_pattern&#8220; z_index=&#8220;&#8220; el_class=&#8220;space-row&#8220;][vc_column css_animation=&#8220;none&#8220;][vc_row_inner row_type=&#8220;row&#8220; type=&#8220;grid&#8220;&#8230;<\/p>\n","protected":false},"author":1,"featured_media":0,"parent":753,"menu_order":0,"comment_status":"closed","ping_status":"closed","template":"full_width.php","meta":{"inline_featured_image":false,"footnotes":""},"class_list":["post-755","page","type-page","status-publish","hentry"],"_links":{"self":[{"href":"https:\/\/blacksquare-economics.com\/de\/wp-json\/wp\/v2\/pages\/755","targetHints":{"allow":["GET"]}}],"collection":[{"href":"https:\/\/blacksquare-economics.com\/de\/wp-json\/wp\/v2\/pages"}],"about":[{"href":"https:\/\/blacksquare-economics.com\/de\/wp-json\/wp\/v2\/types\/page"}],"author":[{"embeddable":true,"href":"https:\/\/blacksquare-economics.com\/de\/wp-json\/wp\/v2\/users\/1"}],"replies":[{"embeddable":true,"href":"https:\/\/blacksquare-economics.com\/de\/wp-json\/wp\/v2\/comments?post=755"}],"version-history":[{"count":4,"href":"https:\/\/blacksquare-economics.com\/de\/wp-json\/wp\/v2\/pages\/755\/revisions"}],"predecessor-version":[{"id":857,"href":"https:\/\/blacksquare-economics.com\/de\/wp-json\/wp\/v2\/pages\/755\/revisions\/857"}],"up":[{"embeddable":true,"href":"https:\/\/blacksquare-economics.com\/de\/wp-json\/wp\/v2\/pages\/753"}],"wp:attachment":[{"href":"https:\/\/blacksquare-economics.com\/de\/wp-json\/wp\/v2\/media?parent=755"}],"curies":[{"name":"wp","href":"https:\/\/api.w.org\/{rel}","templated":true}]}}