{"id":756,"date":"2024-12-05T13:51:12","date_gmt":"2024-12-05T13:51:12","guid":{"rendered":"https:\/\/blacksquare-economics.com\/?page_id=756"},"modified":"2024-12-17T15:37:50","modified_gmt":"2024-12-17T15:37:50","slug":"finance","status":"publish","type":"page","link":"https:\/\/blacksquare-economics.com\/de\/leistungen\/finance\/","title":{"rendered":"Finance"},"content":{"rendered":"<div class=\"wpb-content-wrapper\"><p>[vc_row css_animation=&#8220;&#8220; row_type=&#8220;row&#8220; use_row_as_full_screen_section=&#8220;no&#8220; type=&#8220;full_width&#8220; angled_section=&#8220;no&#8220; text_align=&#8220;left&#8220; background_image_as_pattern=&#8220;without_pattern&#8220; z_index=&#8220;&#8220;][vc_column css_animation=&#8220;none&#8220; el_class=&#8220;imgtop img-top-finance&#8220;][\/vc_column][\/vc_row][vc_row css_animation=&#8220;&#8220; row_type=&#8220;row&#8220; use_row_as_full_screen_section=&#8220;no&#8220; type=&#8220;grid&#8220; angled_section=&#8220;no&#8220; text_align=&#8220;left&#8220; background_image_as_pattern=&#8220;without_pattern&#8220; z_index=&#8220;&#8220;][vc_column css_animation=&#8220;fadeInUp&#8220;][vc_row_inner row_type=&#8220;row&#8220; type=&#8220;grid&#8220; text_align=&#8220;left&#8220; css_animation=&#8220;&#8220;][vc_column_inner el_class=&#8220;intro-us neg-headline-us&#8220; width=&#8220;7\/12&#8243;][vc_column_text css=&#8220;&#8220;]UNSERE LEISTUNGEN[\/vc_column_text][vc_column_text css=&#8220;&#8220;]<\/p>\n<h1>Finance<\/h1>\n<p>[\/vc_column_text][\/vc_column_inner][\/vc_row_inner][\/vc_column][\/vc_row][vc_row css_animation=&#8220;&#8220; row_type=&#8220;row&#8220; use_row_as_full_screen_section=&#8220;no&#8220; type=&#8220;grid&#8220; angled_section=&#8220;no&#8220; text_align=&#8220;left&#8220; background_image_as_pattern=&#8220;without_pattern&#8220; z_index=&#8220;&#8220; el_class=&#8220;space-row&#8220;][vc_column css_animation=&#8220;none&#8220;][vc_row_inner row_type=&#8220;row&#8220; type=&#8220;grid&#8220; text_align=&#8220;left&#8220; css_animation=&#8220;element_from_fade&#8220;][vc_column_inner width=&#8220;9\/12&#8243;][vc_column_text css=&#8220;&#8220;]Blacksquare Economics bietet Beratungsleistungen, die auf die sich wandelnden Anforderungen der Finanzdienstleistungsbranche zugeschnitten sind. Unser Engagement f\u00fcr akademische Strenge und gr\u00fcndliche Analysen versetzt unsere Kund*innen in die Lage, an der Spitze der Finanzinnovation zu bleiben und sie in die Lage zu versetzen, Herausforderungen zu antizipieren und neue Chancen zu ergreifen. Unser Fachwissen deckt Schl\u00fcsselbereiche wie Banken, Versicherungen und Kapitalm\u00e4rkte ab, mit besonderem Schwerpunkt auf Behavioral Finance, Sustainable Finance und FinTech.<\/p>\n<h3>Behavioral Finance<\/h3>\n<p>Wir sind darauf spezialisiert zu verstehen, wie psychologische und emotionale Faktoren Investitionsentscheidungen beeinflussen, und bieten unseren Kund*innen Einblicke, die \u00fcber traditionelle Finanzmodelle hinausgehen. Durch die Untersuchung von Vorurteilen, Risikowahrnehmungen und Entscheidungsprozessen helfen wir unseren Kund*innen, Strategien zu entwickeln, die mit den Verhaltenstendenzen ihrer Kund*innen \u00fcbereinstimmen. So k\u00f6nnen sie Marktreaktionen besser vorhersehen und die finanziellen Ergebnisse insgesamt verbessern.<\/p>\n<h3>FinTech<\/h3>\n<p>Wir kombinieren Finanzfachwissen mit den neuesten technologischen Innovationen, um die Entwicklung innovativer FinTech-L\u00f6sungen voranzutreiben. Wir unterst\u00fctzen unsere Kund*innen bei der Implementierung von KI-gest\u00fctzten Tools, automatisierten Systemen und digitalen Zahlungsplattformen, die Finanzvorg\u00e4nge rationalisieren und die Benutzerfreundlichkeit verbessern. Unser Ansatz zielt darauf ab, Unternehmen in die Lage zu versetzen, in einer zunehmend wettbewerbsorientierten digitalen Landschaft die Nase vorn zu haben.<\/p>\n<h3>Sustainable Finance<\/h3>\n<p>Im sich rasch entwickelnden Sektor der nachhaltigen Finanzen umfassen unsere Dienstleistungen beispielsweise die Bewertung potenzieller Investitionen und Kreditportfolios im Hinblick auf \u00f6kologische und soziale Risiken und die Ermittlung von Bereichen, in denen sich Nachhaltigkeitsrisiken auf die finanziellen Ertr\u00e4ge auswirken k\u00f6nnen. Dar\u00fcber hinaus bieten wir Beratung zur Einhaltung globaler und lokaler Vorschriften im Zusammenhang mit nachhaltigem Finanzwesen, wie z. B. der EU-Taxonomie f\u00fcr nachhaltige Aktivit\u00e4ten, und stellen so sicher, dass die Finanzprodukte und -dienstleistungen unserer Kund*innen mit den regulatorischen Standards \u00fcbereinstimmen.<\/p>\n<h3>Corporate Finance<\/h3>\n<p>Wir bieten umfassende Beratungsdienste, die Unternehmen dabei helfen, sich in einem komplexen finanziellen Umfeld zurechtzufinden. Unser Fachwissen erstreckt sich auf die Optimierung der Kapitalstruktur, das Risikomanagement und die Finanzierungsstrategien. So stellen wir sicher, dass unsere Kund*innen in der Lage sind, fundierte Entscheidungen zur Steigerung der Rentabilit\u00e4t zu treffen. Ob bei der Beratung zu Fusionen und \u00dcbernahmen oder bei der Bewertung von Investitionsportfolios &#8211; unser Engagement f\u00fcr rigorose Analysen versetzt Unternehmen in die Lage, finanzielle Herausforderungen zu antizipieren und Chancen in einem zunehmend dynamischen Markt zu ergreifen.[\/vc_column_text][\/vc_column_inner][\/vc_row_inner][\/vc_column][\/vc_row][vc_row css_animation=&#8220;&#8220; row_type=&#8220;row&#8220; use_row_as_full_screen_section=&#8220;no&#8220; type=&#8220;grid&#8220; angled_section=&#8220;no&#8220; text_align=&#8220;left&#8220; background_image_as_pattern=&#8220;without_pattern&#8220; z_index=&#8220;&#8220; el_class=&#8220;space-row&#8220;][vc_column css_animation=&#8220;none&#8220;][vc_row_inner row_type=&#8220;row&#8220; type=&#8220;grid&#8220; text_align=&#8220;left&#8220; css_animation=&#8220;element_from_fade&#8220;][vc_column_inner width=&#8220;7\/12&#8243;][vc_column_text css=&#8220;&#8220;]<\/p>\n<h2>Unsere Dienstleistungen und Kompetenzen<\/h2>\n<p>[\/vc_column_text][\/vc_column_inner][\/vc_row_inner][vc_row_inner row_type=&#8220;row&#8220; type=&#8220;grid&#8220; text_align=&#8220;left&#8220; css_animation=&#8220;element_from_fade&#8220; css=&#8220;.vc_custom_1733314982506{margin-top: 25px !important;}&#8220; el_class=&#8220;serviceblock&#8220;][vc_column_inner width=&#8220;1\/3&#8243;][vc_column_text css=&#8220;&#8220;]\u00bb <a href=\"https:\/\/blacksquare-economics.com\/de\/leistungen\/economics\/\">Economics<\/a><\/p>\n<hr \/>\n<p>\u00bb <a href=\"https:\/\/blacksquare-economics.com\/de\/leistungen\/finance\/\">Finance<\/a><\/p>\n<hr \/>\n<p>[\/vc_column_text][\/vc_column_inner][vc_column_inner el_class=&#8220;border&#8220; width=&#8220;1\/3&#8243;][vc_column_text css=&#8220;&#8220;]\u00bb <a href=\"https:\/\/blacksquare-economics.com\/de\/leistungen\/klimawandel-nachhaltigkeit\/\">Klimawandel und Nachhaltigkeit\u00a0<\/a><\/p>\n<hr \/>\n<p>\u00bb <a href=\"https:\/\/blacksquare-economics.com\/de\/leistungen\/data-science-oekonometrie\/\">Data Science &amp; \u00d6konometrie<\/a><\/p>\n<hr \/>\n<p>[\/vc_column_text][\/vc_column_inner][vc_column_inner width=&#8220;1\/3&#8243;][vc_column_text css=&#8220;&#8220;]\u00bb <a href=\"https:\/\/blacksquare-economics.com\/de\/leistungen\/politikberatung-evaluation\/\">Politikberatung &amp; Evaluation<\/a><\/p>\n<hr \/>\n<p>\u00bb <a href=\"https:\/\/blacksquare-economics.com\/de\/leistungen\/strategie-marktanalysen\/\">Strategie &amp; Marktanalysen<\/a><\/p>\n<hr \/>\n<p>[\/vc_column_text][\/vc_column_inner][\/vc_row_inner][\/vc_column][\/vc_row][vc_row css_animation=&#8220;&#8220; row_type=&#8220;row&#8220; use_row_as_full_screen_section=&#8220;no&#8220; type=&#8220;full_width&#8220; angled_section=&#8220;no&#8220; text_align=&#8220;left&#8220; background_image_as_pattern=&#8220;without_pattern&#8220; z_index=&#8220;&#8220; el_class=&#8220;space-row&#8220;][vc_column css_animation=&#8220;none&#8220; el_class=&#8220;imgfooter&#8220;][\/vc_column][\/vc_row][vc_row css_animation=&#8220;&#8220; row_type=&#8220;row&#8220; use_row_as_full_screen_section=&#8220;no&#8220; type=&#8220;full_width&#8220; angled_section=&#8220;no&#8220; text_align=&#8220;left&#8220; background_image_as_pattern=&#8220;without_pattern&#8220;][vc_column css_animation=&#8220;none&#8220;][vc_row_inner row_type=&#8220;row&#8220; type=&#8220;grid&#8220; text_align=&#8220;left&#8220; css_animation=&#8220;&#8220;][vc_column_inner el_class=&#8220;footertxt neg-line-footer&#8220; width=&#8220;1\/2&#8243;][vc_column_text css=&#8220;.vc_custom_1734440849037{margin-bottom: 30px !important;}&#8220;]<\/p>\n<h5>Kontaktieren Sie uns<\/h5>\n<p>Wenn Sie Fragen zu unseren Dienstleistungen oder Arbeiten haben, freuen wir uns, von Ihnen zu h\u00f6ren. [\/vc_column_text]<a  itemprop=\"url\" href=\"https:\/\/blacksquare-economics.com\/de\/kontakt\/\" target=\"_self\"  class=\"qbutton  white default\" style=\"\">Kontakt<\/a>[\/vc_column_inner][vc_column_inner width=&#8220;1\/2&#8243;][\/vc_column_inner][\/vc_row_inner][\/vc_column][\/vc_row]<\/p>\n<\/div>","protected":false},"excerpt":{"rendered":"<p>[vc_row css_animation=&#8220;&#8220; row_type=&#8220;row&#8220; use_row_as_full_screen_section=&#8220;no&#8220; type=&#8220;full_width&#8220; angled_section=&#8220;no&#8220; text_align=&#8220;left&#8220; background_image_as_pattern=&#8220;without_pattern&#8220; z_index=&#8220;&#8220;][vc_column css_animation=&#8220;none&#8220; el_class=&#8220;imgtop img-top-finance&#8220;][\/vc_column][\/vc_row][vc_row css_animation=&#8220;&#8220; row_type=&#8220;row&#8220; use_row_as_full_screen_section=&#8220;no&#8220; type=&#8220;grid&#8220; angled_section=&#8220;no&#8220; text_align=&#8220;left&#8220; background_image_as_pattern=&#8220;without_pattern&#8220; z_index=&#8220;&#8220;][vc_column css_animation=&#8220;fadeInUp&#8220;][vc_row_inner row_type=&#8220;row&#8220; type=&#8220;grid&#8220; text_align=&#8220;left&#8220; css_animation=&#8220;&#8220;][vc_column_inner el_class=&#8220;intro-us neg-headline-us&#8220; width=&#8220;7\/12&#8243;][vc_column_text css=&#8220;&#8220;]UNSERE LEISTUNGEN[\/vc_column_text][vc_column_text css=&#8220;&#8220;] Finance [\/vc_column_text][\/vc_column_inner][\/vc_row_inner][\/vc_column][\/vc_row][vc_row css_animation=&#8220;&#8220; row_type=&#8220;row&#8220; use_row_as_full_screen_section=&#8220;no&#8220; type=&#8220;grid&#8220; angled_section=&#8220;no&#8220; text_align=&#8220;left&#8220; background_image_as_pattern=&#8220;without_pattern&#8220; z_index=&#8220;&#8220; el_class=&#8220;space-row&#8220;][vc_column css_animation=&#8220;none&#8220;][vc_row_inner row_type=&#8220;row&#8220; type=&#8220;grid&#8220;&#8230;<\/p>\n","protected":false},"author":1,"featured_media":0,"parent":753,"menu_order":0,"comment_status":"closed","ping_status":"closed","template":"full_width.php","meta":{"inline_featured_image":false,"footnotes":""},"class_list":["post-756","page","type-page","status-publish","hentry"],"_links":{"self":[{"href":"https:\/\/blacksquare-economics.com\/de\/wp-json\/wp\/v2\/pages\/756","targetHints":{"allow":["GET"]}}],"collection":[{"href":"https:\/\/blacksquare-economics.com\/de\/wp-json\/wp\/v2\/pages"}],"about":[{"href":"https:\/\/blacksquare-economics.com\/de\/wp-json\/wp\/v2\/types\/page"}],"author":[{"embeddable":true,"href":"https:\/\/blacksquare-economics.com\/de\/wp-json\/wp\/v2\/users\/1"}],"replies":[{"embeddable":true,"href":"https:\/\/blacksquare-economics.com\/de\/wp-json\/wp\/v2\/comments?post=756"}],"version-history":[{"count":4,"href":"https:\/\/blacksquare-economics.com\/de\/wp-json\/wp\/v2\/pages\/756\/revisions"}],"predecessor-version":[{"id":856,"href":"https:\/\/blacksquare-economics.com\/de\/wp-json\/wp\/v2\/pages\/756\/revisions\/856"}],"up":[{"embeddable":true,"href":"https:\/\/blacksquare-economics.com\/de\/wp-json\/wp\/v2\/pages\/753"}],"wp:attachment":[{"href":"https:\/\/blacksquare-economics.com\/de\/wp-json\/wp\/v2\/media?parent=756"}],"curies":[{"name":"wp","href":"https:\/\/api.w.org\/{rel}","templated":true}]}}