{"id":758,"date":"2024-12-05T13:59:38","date_gmt":"2024-12-05T13:59:38","guid":{"rendered":"https:\/\/blacksquare-economics.com\/?page_id=758"},"modified":"2024-12-17T15:38:17","modified_gmt":"2024-12-17T15:38:17","slug":"data-science-oekonometrie","status":"publish","type":"page","link":"https:\/\/blacksquare-economics.com\/de\/leistungen\/data-science-oekonometrie\/","title":{"rendered":"Data Science &#038; \u00d6konometrie"},"content":{"rendered":"<div class=\"wpb-content-wrapper\"><p>[vc_row css_animation=&#8220;&#8220; row_type=&#8220;row&#8220; use_row_as_full_screen_section=&#8220;no&#8220; type=&#8220;full_width&#8220; angled_section=&#8220;no&#8220; text_align=&#8220;left&#8220; background_image_as_pattern=&#8220;without_pattern&#8220; z_index=&#8220;&#8220;][vc_column css_animation=&#8220;none&#8220; el_class=&#8220;imgtop img-top-data-science&#8220;][\/vc_column][\/vc_row][vc_row css_animation=&#8220;&#8220; row_type=&#8220;row&#8220; use_row_as_full_screen_section=&#8220;no&#8220; type=&#8220;grid&#8220; angled_section=&#8220;no&#8220; text_align=&#8220;left&#8220; background_image_as_pattern=&#8220;without_pattern&#8220; z_index=&#8220;&#8220;][vc_column css_animation=&#8220;fadeInUp&#8220;][vc_row_inner row_type=&#8220;row&#8220; type=&#8220;grid&#8220; text_align=&#8220;left&#8220; css_animation=&#8220;&#8220;][vc_column_inner el_class=&#8220;intro-us neg-headline-us&#8220; width=&#8220;12\/12&#8243;][vc_column_text css=&#8220;&#8220;]UNSERE LEISTUNGEN[\/vc_column_text][vc_column_text css=&#8220;&#8220;]<\/p>\n<h1>Data Science &amp; \u00d6konometrie<\/h1>\n<p>[\/vc_column_text][\/vc_column_inner][\/vc_row_inner][\/vc_column][\/vc_row][vc_row css_animation=&#8220;&#8220; row_type=&#8220;row&#8220; use_row_as_full_screen_section=&#8220;no&#8220; type=&#8220;grid&#8220; angled_section=&#8220;no&#8220; text_align=&#8220;left&#8220; background_image_as_pattern=&#8220;without_pattern&#8220; z_index=&#8220;&#8220; el_class=&#8220;space-row&#8220;][vc_column css_animation=&#8220;none&#8220;][vc_row_inner row_type=&#8220;row&#8220; type=&#8220;grid&#8220; text_align=&#8220;left&#8220; css_animation=&#8220;element_from_fade&#8220;][vc_column_inner width=&#8220;9\/12&#8243;][vc_column_text css=&#8220;&#8220;]Data Science und \u00d6konometrie sind f\u00fcr eine fundierte Entscheidungsfindung in verschiedenen Sektoren unerl\u00e4sslich. Wir setzen fortschrittliche Datenanalysen und \u00f6konometrische Methoden ein, um Erkenntnisse zu gewinnen, die strategische Entscheidungen beeinflussen. So analysieren wir beispielsweise gro\u00dfe Datens\u00e4tze, um Trends und Muster zu erkennen, die als Grundlage f\u00fcr Unternehmensstrategien oder \u00f6ffentliche Ma\u00dfnahmen dienen. Dar\u00fcber hinaus setzen wir\u00a0 statistische Modelle ein, um die Auswirkungen verschiedener Variablen zu bewerten und k\u00fcnftige Ergebnisse zu prognostizieren. Dies kann zum Beispiel durch ein Feldexperiment geschehen, das dazu beitr\u00e4gt, die kausale Wirkung einer bestimmten Unternehmensinitiative isoliert zu bewerten. Unsere Erkenntnisse erm\u00f6glichen es Unternehmen, datengest\u00fctzte, evidenzbasierte Strategien zu entwickeln, mit denen sie komplexe Herausforderungen wirksam angehen k\u00f6nnen. Indem wir unsere Entscheidungen auf strenge datenwissenschaftliche und \u00f6konometrische Analysen st\u00fctzen, stellen wir sicher, dass die Strategien sowohl umsetzbar als auch wirkungsvoll sind und letztlich die operative Effizienz und die strategischen Ergebnisse verbessern.[\/vc_column_text][\/vc_column_inner][\/vc_row_inner][\/vc_column][\/vc_row][vc_row css_animation=&#8220;&#8220; row_type=&#8220;row&#8220; use_row_as_full_screen_section=&#8220;no&#8220; type=&#8220;grid&#8220; angled_section=&#8220;no&#8220; text_align=&#8220;left&#8220; background_image_as_pattern=&#8220;without_pattern&#8220; z_index=&#8220;&#8220; el_class=&#8220;space-row&#8220;][vc_column css_animation=&#8220;none&#8220;][vc_row_inner row_type=&#8220;row&#8220; type=&#8220;grid&#8220; text_align=&#8220;left&#8220; css_animation=&#8220;element_from_fade&#8220;][vc_column_inner width=&#8220;7\/12&#8243;][vc_column_text css=&#8220;&#8220;]<\/p>\n<h2>Unsere Dienstleistungen und Kompetenzen<\/h2>\n<p>[\/vc_column_text][\/vc_column_inner][\/vc_row_inner][vc_row_inner row_type=&#8220;row&#8220; type=&#8220;grid&#8220; text_align=&#8220;left&#8220; css_animation=&#8220;element_from_fade&#8220; css=&#8220;.vc_custom_1733314982506{margin-top: 25px !important;}&#8220; el_class=&#8220;serviceblock&#8220;][vc_column_inner width=&#8220;1\/3&#8243;][vc_column_text css=&#8220;&#8220;]\u00bb <a href=\"https:\/\/blacksquare-economics.com\/de\/leistungen\/economics\/\">Economics<\/a><\/p>\n<hr \/>\n<p>\u00bb <a href=\"https:\/\/blacksquare-economics.com\/de\/leistungen\/finance\/\">Finance<\/a><\/p>\n<hr \/>\n<p>[\/vc_column_text][\/vc_column_inner][vc_column_inner el_class=&#8220;border&#8220; width=&#8220;1\/3&#8243;][vc_column_text css=&#8220;&#8220;]\u00bb <a href=\"https:\/\/blacksquare-economics.com\/de\/leistungen\/klimawandel-nachhaltigkeit\/\">Klimawandel und Nachhaltigkeit\u00a0<\/a><\/p>\n<hr \/>\n<p>\u00bb <a href=\"https:\/\/blacksquare-economics.com\/de\/leistungen\/data-science-oekonometrie\/\">Data Science &amp; \u00d6konometrie<\/a><\/p>\n<hr \/>\n<p>[\/vc_column_text][\/vc_column_inner][vc_column_inner width=&#8220;1\/3&#8243;][vc_column_text css=&#8220;&#8220;]\u00bb <a href=\"https:\/\/blacksquare-economics.com\/de\/leistungen\/politikberatung-evaluation\/\">Politikberatung &amp; Evaluation<\/a><\/p>\n<hr \/>\n<p>\u00bb <a href=\"https:\/\/blacksquare-economics.com\/de\/leistungen\/strategie-marktanalysen\/\">Strategie &amp; Marktanalysen<\/a><\/p>\n<hr \/>\n<p>[\/vc_column_text][\/vc_column_inner][\/vc_row_inner][\/vc_column][\/vc_row][vc_row css_animation=&#8220;&#8220; row_type=&#8220;row&#8220; use_row_as_full_screen_section=&#8220;no&#8220; type=&#8220;full_width&#8220; angled_section=&#8220;no&#8220; text_align=&#8220;left&#8220; background_image_as_pattern=&#8220;without_pattern&#8220; z_index=&#8220;&#8220; el_class=&#8220;space-row&#8220;][vc_column css_animation=&#8220;none&#8220; el_class=&#8220;imgfooter&#8220;][\/vc_column][\/vc_row][vc_row css_animation=&#8220;&#8220; row_type=&#8220;row&#8220; use_row_as_full_screen_section=&#8220;no&#8220; type=&#8220;full_width&#8220; angled_section=&#8220;no&#8220; text_align=&#8220;left&#8220; background_image_as_pattern=&#8220;without_pattern&#8220;][vc_column css_animation=&#8220;none&#8220;][vc_row_inner row_type=&#8220;row&#8220; type=&#8220;grid&#8220; text_align=&#8220;left&#8220; css_animation=&#8220;&#8220;][vc_column_inner el_class=&#8220;footertxt neg-line-footer&#8220; width=&#8220;1\/2&#8243;][vc_column_text css=&#8220;.vc_custom_1734440849037{margin-bottom: 30px !important;}&#8220;]<\/p>\n<h5>Kontaktieren Sie uns<\/h5>\n<p>Wenn Sie Fragen zu unseren Dienstleistungen oder Arbeiten haben, freuen wir uns, von Ihnen zu h\u00f6ren. [\/vc_column_text]<a  itemprop=\"url\" href=\"https:\/\/blacksquare-economics.com\/de\/kontakt\/\" target=\"_self\"  class=\"qbutton  white default\" style=\"\">Kontakt<\/a>[\/vc_column_inner][vc_column_inner width=&#8220;1\/2&#8243;][\/vc_column_inner][\/vc_row_inner][\/vc_column][\/vc_row]<\/p>\n<\/div>","protected":false},"excerpt":{"rendered":"<p>[vc_row css_animation=&#8220;&#8220; row_type=&#8220;row&#8220; use_row_as_full_screen_section=&#8220;no&#8220; type=&#8220;full_width&#8220; angled_section=&#8220;no&#8220; text_align=&#8220;left&#8220; background_image_as_pattern=&#8220;without_pattern&#8220; z_index=&#8220;&#8220;][vc_column css_animation=&#8220;none&#8220; el_class=&#8220;imgtop img-top-data-science&#8220;][\/vc_column][\/vc_row][vc_row css_animation=&#8220;&#8220; row_type=&#8220;row&#8220; use_row_as_full_screen_section=&#8220;no&#8220; type=&#8220;grid&#8220; angled_section=&#8220;no&#8220; text_align=&#8220;left&#8220; background_image_as_pattern=&#8220;without_pattern&#8220; z_index=&#8220;&#8220;][vc_column css_animation=&#8220;fadeInUp&#8220;][vc_row_inner row_type=&#8220;row&#8220; type=&#8220;grid&#8220; text_align=&#8220;left&#8220; css_animation=&#8220;&#8220;][vc_column_inner el_class=&#8220;intro-us neg-headline-us&#8220; width=&#8220;12\/12&#8243;][vc_column_text css=&#8220;&#8220;]UNSERE LEISTUNGEN[\/vc_column_text][vc_column_text css=&#8220;&#8220;] Data Science &amp; \u00d6konometrie [\/vc_column_text][\/vc_column_inner][\/vc_row_inner][\/vc_column][\/vc_row][vc_row css_animation=&#8220;&#8220; row_type=&#8220;row&#8220; use_row_as_full_screen_section=&#8220;no&#8220; type=&#8220;grid&#8220; angled_section=&#8220;no&#8220; text_align=&#8220;left&#8220; background_image_as_pattern=&#8220;without_pattern&#8220; z_index=&#8220;&#8220; el_class=&#8220;space-row&#8220;][vc_column&#8230;<\/p>\n","protected":false},"author":1,"featured_media":0,"parent":753,"menu_order":0,"comment_status":"closed","ping_status":"closed","template":"full_width.php","meta":{"inline_featured_image":false,"footnotes":""},"class_list":["post-758","page","type-page","status-publish","hentry"],"_links":{"self":[{"href":"https:\/\/blacksquare-economics.com\/de\/wp-json\/wp\/v2\/pages\/758","targetHints":{"allow":["GET"]}}],"collection":[{"href":"https:\/\/blacksquare-economics.com\/de\/wp-json\/wp\/v2\/pages"}],"about":[{"href":"https:\/\/blacksquare-economics.com\/de\/wp-json\/wp\/v2\/types\/page"}],"author":[{"embeddable":true,"href":"https:\/\/blacksquare-economics.com\/de\/wp-json\/wp\/v2\/users\/1"}],"replies":[{"embeddable":true,"href":"https:\/\/blacksquare-economics.com\/de\/wp-json\/wp\/v2\/comments?post=758"}],"version-history":[{"count":4,"href":"https:\/\/blacksquare-economics.com\/de\/wp-json\/wp\/v2\/pages\/758\/revisions"}],"predecessor-version":[{"id":858,"href":"https:\/\/blacksquare-economics.com\/de\/wp-json\/wp\/v2\/pages\/758\/revisions\/858"}],"up":[{"embeddable":true,"href":"https:\/\/blacksquare-economics.com\/de\/wp-json\/wp\/v2\/pages\/753"}],"wp:attachment":[{"href":"https:\/\/blacksquare-economics.com\/de\/wp-json\/wp\/v2\/media?parent=758"}],"curies":[{"name":"wp","href":"https:\/\/api.w.org\/{rel}","templated":true}]}}