{"id":784,"date":"2024-12-09T09:11:35","date_gmt":"2024-12-09T09:11:35","guid":{"rendered":"https:\/\/blacksquare-economics.com\/?page_id=784"},"modified":"2024-12-17T15:40:25","modified_gmt":"2024-12-17T15:40:25","slug":"bsqe-zinseffekte-der-intervention-der-schweizer-politik-im-januar-2015","status":"publish","type":"page","link":"https:\/\/blacksquare-economics.com\/de\/arbeiten\/bsqe-zinseffekte-der-intervention-der-schweizer-politik-im-januar-2015\/","title":{"rendered":"BSQE &#8211; Zinseffekte der Intervention der Schweizer Politik im Januar 2015"},"content":{"rendered":"<div class=\"wpb-content-wrapper\"><p>[vc_row css_animation=&#8220;&#8220; row_type=&#8220;row&#8220; use_row_as_full_screen_section=&#8220;no&#8220; type=&#8220;full_width&#8220; angled_section=&#8220;no&#8220; text_align=&#8220;left&#8220; background_image_as_pattern=&#8220;without_pattern&#8220; z_index=&#8220;&#8220;][vc_column css_animation=&#8220;none&#8220; el_class=&#8220;imgtop img-top-work-8&#8243;][\/vc_column][\/vc_row][vc_row css_animation=&#8220;&#8220; row_type=&#8220;row&#8220; use_row_as_full_screen_section=&#8220;no&#8220; type=&#8220;grid&#8220; angled_section=&#8220;no&#8220; text_align=&#8220;left&#8220; background_image_as_pattern=&#8220;without_pattern&#8220; z_index=&#8220;&#8220;][vc_column css_animation=&#8220;fadeInUp&#8220;][vc_row_inner row_type=&#8220;row&#8220; type=&#8220;grid&#8220; text_align=&#8220;left&#8220; css_animation=&#8220;&#8220;][vc_column_inner el_class=&#8220;intro-us neg-headline-us&#8220;][vc_column_text css=&#8220;&#8220;]UNSERE ARBEITEN[\/vc_column_text][vc_column_text css=&#8220;&#8220;]<\/p>\n<h1>BSQE &#8211; Zinseffekte der Intervention der Schweizer Politik im Januar 2015<\/h1>\n<p>[\/vc_column_text][\/vc_column_inner][\/vc_row_inner][\/vc_column][\/vc_row][vc_row css_animation=&#8220;&#8220; row_type=&#8220;row&#8220; use_row_as_full_screen_section=&#8220;no&#8220; type=&#8220;grid&#8220; angled_section=&#8220;no&#8220; text_align=&#8220;left&#8220; background_image_as_pattern=&#8220;without_pattern&#8220; z_index=&#8220;&#8220; el_class=&#8220;space-row&#8220;][vc_column css_animation=&#8220;none&#8220;][vc_row_inner row_type=&#8220;row&#8220; type=&#8220;grid&#8220; text_align=&#8220;left&#8220; css_animation=&#8220;element_from_fade&#8220;][vc_column_inner width=&#8220;9\/12&#8243;][vc_column_text css=&#8220;&#8220; el_class=&#8220;title-ref&#8220;]FORSCHUNGSPAPIER[\/vc_column_text][vc_column_text css=&#8220;.vc_custom_1734447325909{padding-bottom: 30px !important;}&#8220;]<\/p>\n<h2>Zinseffekte der Intervention der Schweizer Politik im Januar 2015<\/h2>\n<p><strong>2021<\/strong><\/p>\n<p>Diese Studie untersucht die Auswirkungen einer signifikanten Zinssenkung durch die Schweizerische Nationalbank (SNB) Anfang 2015 auf Schweizer Unternehmen. Indem wir die Aufhebung der Wechselkursuntergrenze und eine pl\u00f6tzliche Zinssenkung nutzen, stellen wir fest, dass selbst negative Zinss\u00e4tze die Unternehmenst\u00e4tigkeit anregen. So \u00fcbertraf das Investitions- und Besch\u00e4ftigungswachstum der Schweizer Unternehmen das vergleichbarer deutscher Unternehmen \u00fcber einen Zeitraum von vier Jahren um 8 bzw. 7,5 Prozentpunkte. Kleinere und finanziell eingeschr\u00e4nkte Unternehmen reagierten st\u00e4rker, mit einem schnelleren R\u00fcckgang der Finanzierungss\u00e4tze und einem h\u00f6heren Schulden-, Investitions- und Besch\u00e4ftigungswachstum. Dar\u00fcber hinaus erh\u00f6hten schw\u00e4chere Unternehmen ihre Investitionen, was darauf hindeutet, dass die verbesserten Finanzierungsbedingungen ihnen halfen, lebensf\u00e4hig zu bleiben.<\/p>\n<p>Das Forschungspapier bildete auch die Grundlage f\u00fcr die folgende wissenschaftliche Publikation \u201eDomestic financial conditions and MNCs&#8216; global competitiveness: evidence from the Swiss franc shock\u201c:[\/vc_column_text]<a  itemprop=\"url\" href=\"https:\/\/link.springer.com\/article\/10.1057\/s41267-024-00703-9\" target=\"_blank\"  class=\"qbutton  default\" style=\"\">View<\/a>[\/vc_column_inner][\/vc_row_inner][\/vc_column][\/vc_row][vc_row css_animation=&#8220;&#8220; row_type=&#8220;row&#8220; use_row_as_full_screen_section=&#8220;no&#8220; type=&#8220;full_width&#8220; angled_section=&#8220;no&#8220; text_align=&#8220;left&#8220; background_image_as_pattern=&#8220;without_pattern&#8220; z_index=&#8220;&#8220; el_class=&#8220;space-row&#8220;][vc_column css_animation=&#8220;none&#8220; el_class=&#8220;imgfooter&#8220;][\/vc_column][\/vc_row][vc_row css_animation=&#8220;&#8220; row_type=&#8220;row&#8220; use_row_as_full_screen_section=&#8220;no&#8220; type=&#8220;full_width&#8220; angled_section=&#8220;no&#8220; text_align=&#8220;left&#8220; background_image_as_pattern=&#8220;without_pattern&#8220;][vc_column css_animation=&#8220;none&#8220;][vc_row_inner row_type=&#8220;row&#8220; type=&#8220;grid&#8220; text_align=&#8220;left&#8220; css_animation=&#8220;&#8220;][vc_column_inner el_class=&#8220;footertxt neg-line-footer&#8220; width=&#8220;1\/2&#8243;][vc_column_text css=&#8220;.vc_custom_1734440849037{margin-bottom: 30px !important;}&#8220;]<\/p>\n<h5>Kontaktieren Sie uns<\/h5>\n<p>Wenn Sie Fragen zu unseren Dienstleistungen oder Arbeiten haben, freuen wir uns, von Ihnen zu h\u00f6ren. [\/vc_column_text]<a  itemprop=\"url\" href=\"https:\/\/blacksquare-economics.com\/de\/kontakt\/\" target=\"_self\"  class=\"qbutton  white default\" style=\"\">Kontakt<\/a>[\/vc_column_inner][vc_column_inner width=&#8220;1\/2&#8243;][\/vc_column_inner][\/vc_row_inner][\/vc_column][\/vc_row]<\/p>\n<\/div>","protected":false},"excerpt":{"rendered":"<p>[vc_row css_animation=&#8220;&#8220; row_type=&#8220;row&#8220; use_row_as_full_screen_section=&#8220;no&#8220; type=&#8220;full_width&#8220; angled_section=&#8220;no&#8220; text_align=&#8220;left&#8220; background_image_as_pattern=&#8220;without_pattern&#8220; z_index=&#8220;&#8220;][vc_column css_animation=&#8220;none&#8220; el_class=&#8220;imgtop img-top-work-8&#8243;][\/vc_column][\/vc_row][vc_row css_animation=&#8220;&#8220; row_type=&#8220;row&#8220; use_row_as_full_screen_section=&#8220;no&#8220; type=&#8220;grid&#8220; angled_section=&#8220;no&#8220; text_align=&#8220;left&#8220; background_image_as_pattern=&#8220;without_pattern&#8220; z_index=&#8220;&#8220;][vc_column css_animation=&#8220;fadeInUp&#8220;][vc_row_inner row_type=&#8220;row&#8220; type=&#8220;grid&#8220; text_align=&#8220;left&#8220; css_animation=&#8220;&#8220;][vc_column_inner el_class=&#8220;intro-us neg-headline-us&#8220;][vc_column_text css=&#8220;&#8220;]UNSERE ARBEITEN[\/vc_column_text][vc_column_text css=&#8220;&#8220;] BSQE &#8211; Zinseffekte der Intervention der Schweizer Politik im Januar 2015 [\/vc_column_text][\/vc_column_inner][\/vc_row_inner][\/vc_column][\/vc_row][vc_row css_animation=&#8220;&#8220; row_type=&#8220;row&#8220; use_row_as_full_screen_section=&#8220;no&#8220;&#8230;<\/p>\n","protected":false},"author":1,"featured_media":0,"parent":781,"menu_order":0,"comment_status":"closed","ping_status":"closed","template":"full_width.php","meta":{"inline_featured_image":false,"footnotes":""},"class_list":["post-784","page","type-page","status-publish","hentry"],"_links":{"self":[{"href":"https:\/\/blacksquare-economics.com\/de\/wp-json\/wp\/v2\/pages\/784","targetHints":{"allow":["GET"]}}],"collection":[{"href":"https:\/\/blacksquare-economics.com\/de\/wp-json\/wp\/v2\/pages"}],"about":[{"href":"https:\/\/blacksquare-economics.com\/de\/wp-json\/wp\/v2\/types\/page"}],"author":[{"embeddable":true,"href":"https:\/\/blacksquare-economics.com\/de\/wp-json\/wp\/v2\/users\/1"}],"replies":[{"embeddable":true,"href":"https:\/\/blacksquare-economics.com\/de\/wp-json\/wp\/v2\/comments?post=784"}],"version-history":[{"count":4,"href":"https:\/\/blacksquare-economics.com\/de\/wp-json\/wp\/v2\/pages\/784\/revisions"}],"predecessor-version":[{"id":868,"href":"https:\/\/blacksquare-economics.com\/de\/wp-json\/wp\/v2\/pages\/784\/revisions\/868"}],"up":[{"embeddable":true,"href":"https:\/\/blacksquare-economics.com\/de\/wp-json\/wp\/v2\/pages\/781"}],"wp:attachment":[{"href":"https:\/\/blacksquare-economics.com\/de\/wp-json\/wp\/v2\/media?parent=784"}],"curies":[{"name":"wp","href":"https:\/\/api.w.org\/{rel}","templated":true}]}}