{"id":785,"date":"2024-12-10T11:51:14","date_gmt":"2024-12-10T11:51:14","guid":{"rendered":"https:\/\/blacksquare-economics.com\/?page_id=785"},"modified":"2024-12-19T10:23:41","modified_gmt":"2024-12-19T10:23:41","slug":"cenie-wirtschaftliche-widerstandsfaehigkeit-und-langlebigkeit-in-spanien","status":"publish","type":"page","link":"https:\/\/blacksquare-economics.com\/de\/arbeiten\/cenie-wirtschaftliche-widerstandsfaehigkeit-und-langlebigkeit-in-spanien\/","title":{"rendered":"CENIE &#8211; Wirtschaftliche Widerstandsf\u00e4higkeit und Langlebigkeit in Spanien"},"content":{"rendered":"<div class=\"wpb-content-wrapper\"><p>[vc_row css_animation=&#8220;&#8220; row_type=&#8220;row&#8220; use_row_as_full_screen_section=&#8220;no&#8220; type=&#8220;full_width&#8220; angled_section=&#8220;no&#8220; text_align=&#8220;left&#8220; background_image_as_pattern=&#8220;without_pattern&#8220; z_index=&#8220;&#8220;][vc_column css_animation=&#8220;none&#8220; el_class=&#8220;imgtop img-top-work-6&#8243;][\/vc_column][\/vc_row][vc_row css_animation=&#8220;&#8220; row_type=&#8220;row&#8220; use_row_as_full_screen_section=&#8220;no&#8220; type=&#8220;grid&#8220; angled_section=&#8220;no&#8220; text_align=&#8220;left&#8220; background_image_as_pattern=&#8220;without_pattern&#8220; z_index=&#8220;&#8220;][vc_column css_animation=&#8220;fadeInUp&#8220;][vc_row_inner row_type=&#8220;row&#8220; type=&#8220;grid&#8220; text_align=&#8220;left&#8220; css_animation=&#8220;&#8220;][vc_column_inner el_class=&#8220;intro-us neg-headline-us&#8220;][vc_column_text css=&#8220;&#8220;]UNSERE ARBEITEN[\/vc_column_text][vc_column_text css=&#8220;&#8220;]<\/p>\n<h1>CENIE &#8211; Wirtschaftliche Widerstandsf\u00e4higkeit und Langlebigkeit in Spanien<\/h1>\n<p>[\/vc_column_text][\/vc_column_inner][\/vc_row_inner][\/vc_column][\/vc_row][vc_row css_animation=&#8220;&#8220; row_type=&#8220;row&#8220; use_row_as_full_screen_section=&#8220;no&#8220; type=&#8220;grid&#8220; angled_section=&#8220;no&#8220; text_align=&#8220;left&#8220; background_image_as_pattern=&#8220;without_pattern&#8220; z_index=&#8220;&#8220; el_class=&#8220;space-row&#8220;][vc_column css_animation=&#8220;none&#8220;][vc_row_inner row_type=&#8220;row&#8220; type=&#8220;grid&#8220; text_align=&#8220;left&#8220; css_animation=&#8220;element_from_fade&#8220;][vc_column_inner width=&#8220;9\/12&#8243;][vc_column_text css=&#8220;&#8220; el_class=&#8220;title-ref&#8220;]BERATUNGSPROJEKT[\/vc_column_text][vc_column_text css=&#8220;.vc_custom_1734447069484{padding-bottom: 30px !important;}&#8220;]<\/p>\n<h2>Die Auswirkungen der Langlebigkeit der Arbeitskr\u00e4fte auf die Resilienz der spanischen Wirtschaft<\/h2>\n<p><strong>CENIE and the Fundaci\u00f3n General de la Universidad de Salamanca<\/strong><\/p>\n<p><strong>2023<\/strong><\/p>\n<p>Beschreibung: In dieser Studie untersuchten wir, wie Spaniens alternde Erwerbsbev\u00f6lkerung als Gegenmittel gegen finanzielle Schocks und als Zutat f\u00fcr zuk\u00fcnftigen wirtschaftlichen Erfolg betrachtet werden sollte.\u00a0 Wie viele fortgeschrittene Volkswirtschaften steht auch Spanien vor den Herausforderungen einer alternden Bev\u00f6lkerung. Prognosen zufolge wird die Zahl der \u00fcber 50-J\u00e4hrigen bis 2050 etwa die H\u00e4lfte der Gesamtbev\u00f6lkerung Spaniens ausmachen.<\/p>\n<p>In dieser vom CENIE und der Fundaci\u00f3n General de la Universidad de Salamanca in Auftrag gegebenen Studie haben wir \u00a0gemeinsam mit Oxford Economics untersucht, wie \u00e4ltere Arbeitskr\u00e4fte die Widerstandsf\u00e4higkeit spanischer Unternehmen gegen\u00fcber den wirtschaftlichen Ersch\u00fctterungen der Gro\u00dfen Rezession zwischen 2008 und 2014 erh\u00f6ht haben. Wir fanden heraus, dass \u00e4ltere Arbeitskr\u00e4fte den spanischen Unternehmen zu mehr Umsatz verhalfen, ein h\u00f6heres Besch\u00e4ftigungswachstum erm\u00f6glichten, sich positiv auf die Produktivit\u00e4t der Unternehmen auswirkten und zu einem Anstieg der Nettoinvestitionsquote f\u00fchrten.[\/vc_column_text][\/vc_column_inner][\/vc_row_inner][\/vc_column][\/vc_row][vc_row css_animation=&#8220;&#8220; row_type=&#8220;row&#8220; use_row_as_full_screen_section=&#8220;no&#8220; type=&#8220;full_width&#8220; angled_section=&#8220;no&#8220; text_align=&#8220;left&#8220; background_image_as_pattern=&#8220;without_pattern&#8220; z_index=&#8220;&#8220; el_class=&#8220;space-row&#8220;][vc_column css_animation=&#8220;none&#8220; el_class=&#8220;imgfooter&#8220;][\/vc_column][\/vc_row][vc_row css_animation=&#8220;&#8220; row_type=&#8220;row&#8220; use_row_as_full_screen_section=&#8220;no&#8220; type=&#8220;full_width&#8220; angled_section=&#8220;no&#8220; text_align=&#8220;left&#8220; background_image_as_pattern=&#8220;without_pattern&#8220;][vc_column css_animation=&#8220;none&#8220;][vc_row_inner row_type=&#8220;row&#8220; type=&#8220;grid&#8220; text_align=&#8220;left&#8220; css_animation=&#8220;&#8220;][vc_column_inner el_class=&#8220;footertxt neg-line-footer&#8220; width=&#8220;1\/2&#8243;][vc_column_text css=&#8220;.vc_custom_1734440849037{margin-bottom: 30px !important;}&#8220;]<\/p>\n<h5>Kontaktieren Sie uns<\/h5>\n<p>Wenn Sie Fragen zu unseren Dienstleistungen oder Arbeiten haben, freuen wir uns, von Ihnen zu h\u00f6ren. [\/vc_column_text]<a  itemprop=\"url\" href=\"https:\/\/blacksquare-economics.com\/de\/kontakt\/\" target=\"_self\"  class=\"qbutton  white default\" style=\"\">Kontakt<\/a>[\/vc_column_inner][vc_column_inner width=&#8220;1\/2&#8243;][\/vc_column_inner][\/vc_row_inner][\/vc_column][\/vc_row]<\/p>\n<\/div>","protected":false},"excerpt":{"rendered":"<p>[vc_row css_animation=&#8220;&#8220; row_type=&#8220;row&#8220; use_row_as_full_screen_section=&#8220;no&#8220; type=&#8220;full_width&#8220; angled_section=&#8220;no&#8220; text_align=&#8220;left&#8220; background_image_as_pattern=&#8220;without_pattern&#8220; z_index=&#8220;&#8220;][vc_column css_animation=&#8220;none&#8220; el_class=&#8220;imgtop img-top-work-6&#8243;][\/vc_column][\/vc_row][vc_row css_animation=&#8220;&#8220; row_type=&#8220;row&#8220; use_row_as_full_screen_section=&#8220;no&#8220; type=&#8220;grid&#8220; angled_section=&#8220;no&#8220; text_align=&#8220;left&#8220; background_image_as_pattern=&#8220;without_pattern&#8220; z_index=&#8220;&#8220;][vc_column css_animation=&#8220;fadeInUp&#8220;][vc_row_inner row_type=&#8220;row&#8220; type=&#8220;grid&#8220; text_align=&#8220;left&#8220; css_animation=&#8220;&#8220;][vc_column_inner el_class=&#8220;intro-us neg-headline-us&#8220;][vc_column_text css=&#8220;&#8220;]UNSERE ARBEITEN[\/vc_column_text][vc_column_text css=&#8220;&#8220;] CENIE &#8211; Wirtschaftliche Widerstandsf\u00e4higkeit und Langlebigkeit in Spanien [\/vc_column_text][\/vc_column_inner][\/vc_row_inner][\/vc_column][\/vc_row][vc_row css_animation=&#8220;&#8220; row_type=&#8220;row&#8220; use_row_as_full_screen_section=&#8220;no&#8220; type=&#8220;grid&#8220; angled_section=&#8220;no&#8220; text_align=&#8220;left&#8220;&#8230;<\/p>\n","protected":false},"author":1,"featured_media":0,"parent":781,"menu_order":0,"comment_status":"closed","ping_status":"closed","template":"full_width.php","meta":{"inline_featured_image":false,"footnotes":""},"class_list":["post-785","page","type-page","status-publish","hentry"],"_links":{"self":[{"href":"https:\/\/blacksquare-economics.com\/de\/wp-json\/wp\/v2\/pages\/785","targetHints":{"allow":["GET"]}}],"collection":[{"href":"https:\/\/blacksquare-economics.com\/de\/wp-json\/wp\/v2\/pages"}],"about":[{"href":"https:\/\/blacksquare-economics.com\/de\/wp-json\/wp\/v2\/types\/page"}],"author":[{"embeddable":true,"href":"https:\/\/blacksquare-economics.com\/de\/wp-json\/wp\/v2\/users\/1"}],"replies":[{"embeddable":true,"href":"https:\/\/blacksquare-economics.com\/de\/wp-json\/wp\/v2\/comments?post=785"}],"version-history":[{"count":4,"href":"https:\/\/blacksquare-economics.com\/de\/wp-json\/wp\/v2\/pages\/785\/revisions"}],"predecessor-version":[{"id":938,"href":"https:\/\/blacksquare-economics.com\/de\/wp-json\/wp\/v2\/pages\/785\/revisions\/938"}],"up":[{"embeddable":true,"href":"https:\/\/blacksquare-economics.com\/de\/wp-json\/wp\/v2\/pages\/781"}],"wp:attachment":[{"href":"https:\/\/blacksquare-economics.com\/de\/wp-json\/wp\/v2\/media?parent=785"}],"curies":[{"name":"wp","href":"https:\/\/api.w.org\/{rel}","templated":true}]}}