{"id":787,"date":"2024-12-10T11:51:09","date_gmt":"2024-12-10T11:51:09","guid":{"rendered":"https:\/\/blacksquare-economics.com\/?page_id=787"},"modified":"2024-12-19T10:24:43","modified_gmt":"2024-12-19T10:24:43","slug":"itic-fiskalisches-regime-fuer-die-energiewende","status":"publish","type":"page","link":"https:\/\/blacksquare-economics.com\/de\/arbeiten\/itic-fiskalisches-regime-fuer-die-energiewende\/","title":{"rendered":"ITIC &#8211; Fiskalisches Regime f\u00fcr die Energiewende"},"content":{"rendered":"<div class=\"wpb-content-wrapper\"><p>[vc_row css_animation=&#8220;&#8220; row_type=&#8220;row&#8220; use_row_as_full_screen_section=&#8220;no&#8220; type=&#8220;full_width&#8220; angled_section=&#8220;no&#8220; text_align=&#8220;left&#8220; background_image_as_pattern=&#8220;without_pattern&#8220; z_index=&#8220;&#8220;][vc_column css_animation=&#8220;none&#8220; el_class=&#8220;imgtop img-top-work-9&#8243;][\/vc_column][\/vc_row][vc_row css_animation=&#8220;&#8220; row_type=&#8220;row&#8220; use_row_as_full_screen_section=&#8220;no&#8220; type=&#8220;grid&#8220; angled_section=&#8220;no&#8220; text_align=&#8220;left&#8220; background_image_as_pattern=&#8220;without_pattern&#8220; z_index=&#8220;&#8220;][vc_column css_animation=&#8220;fadeInUp&#8220;][vc_row_inner row_type=&#8220;row&#8220; type=&#8220;grid&#8220; text_align=&#8220;left&#8220; css_animation=&#8220;&#8220;][vc_column_inner el_class=&#8220;intro-us neg-headline-us&#8220;][vc_column_text css=&#8220;&#8220;]UNSERE ARBEITEN[\/vc_column_text][vc_column_text css=&#8220;&#8220;]<\/p>\n<h1>ITIC &#8211; Fiskalisches Regime f\u00fcr die Energiewende<\/h1>\n<p>[\/vc_column_text][\/vc_column_inner][\/vc_row_inner][\/vc_column][\/vc_row][vc_row css_animation=&#8220;&#8220; row_type=&#8220;row&#8220; use_row_as_full_screen_section=&#8220;no&#8220; type=&#8220;grid&#8220; angled_section=&#8220;no&#8220; text_align=&#8220;left&#8220; background_image_as_pattern=&#8220;without_pattern&#8220; z_index=&#8220;&#8220; el_class=&#8220;space-row&#8220;][vc_column css_animation=&#8220;none&#8220;][vc_row_inner row_type=&#8220;row&#8220; type=&#8220;grid&#8220; text_align=&#8220;left&#8220; css_animation=&#8220;element_from_fade&#8220;][vc_column_inner width=&#8220;9\/12&#8243;][vc_column_text css=&#8220;&#8220; el_class=&#8220;title-ref&#8220;]BERATUNGSPROJEKT[\/vc_column_text][vc_column_text css=&#8220;.vc_custom_1734447403407{padding-bottom: 30px !important;}&#8220;]<\/p>\n<h2>Fiskalisches Regime f\u00fcr die Energiewende<\/h2>\n<p><strong>Internation Tax and Investment Center (ITIC)<\/strong><\/p>\n<p><strong>2022<\/strong><\/p>\n<p>Beschreibung: Der Stromsektor ist von zentraler Bedeutung f\u00fcr das Ziel, die Treibhausgasemissionen weltweit zu reduzieren und die Ziele des Pariser Abkommens zu erreichen. In der Studie wird untersucht, welche steuerpolitischen Ma\u00dfnahmen die Energiewende unterst\u00fctzen k\u00f6nnen. Ziel der Analyse ist es, Best-Practice-Anwendungen der g\u00e4ngigsten steuerlichen Ma\u00dfnahmen zu identifizieren. Da ein optimaler Mix aus steuerlichen Instrumenten von den l\u00e4nderspezifischen Gegebenheiten abh\u00e4ngt, schl\u00e4gt der Bericht keine allgemeinen L\u00f6sungen vor, sondern stellt die verschiedenen Optionen und ihre Vor- und Nachteile in unterschiedlichen Situationen vor.<\/p>\n<p>Die Ergebnisse der gemeinsamen Stude mit Oxford Economics wurden in mehreren Sitzungen mit Weltbank, OECD, IWF und IEA er\u00f6rtert.[\/vc_column_text][\/vc_column_inner][\/vc_row_inner][\/vc_column][\/vc_row][vc_row css_animation=&#8220;&#8220; row_type=&#8220;row&#8220; use_row_as_full_screen_section=&#8220;no&#8220; type=&#8220;full_width&#8220; angled_section=&#8220;no&#8220; text_align=&#8220;left&#8220; background_image_as_pattern=&#8220;without_pattern&#8220; z_index=&#8220;&#8220; el_class=&#8220;space-row&#8220;][vc_column css_animation=&#8220;none&#8220; el_class=&#8220;imgfooter&#8220;][\/vc_column][\/vc_row][vc_row css_animation=&#8220;&#8220; row_type=&#8220;row&#8220; use_row_as_full_screen_section=&#8220;no&#8220; type=&#8220;full_width&#8220; angled_section=&#8220;no&#8220; text_align=&#8220;left&#8220; background_image_as_pattern=&#8220;without_pattern&#8220;][vc_column css_animation=&#8220;none&#8220;][vc_row_inner row_type=&#8220;row&#8220; type=&#8220;grid&#8220; text_align=&#8220;left&#8220; css_animation=&#8220;&#8220;][vc_column_inner el_class=&#8220;footertxt neg-line-footer&#8220; width=&#8220;1\/2&#8243;][vc_column_text css=&#8220;.vc_custom_1734440849037{margin-bottom: 30px !important;}&#8220;]<\/p>\n<h5>Kontaktieren Sie uns<\/h5>\n<p>Wenn Sie Fragen zu unseren Dienstleistungen oder Arbeiten haben, freuen wir uns, von Ihnen zu h\u00f6ren. [\/vc_column_text]<a  itemprop=\"url\" href=\"https:\/\/blacksquare-economics.com\/de\/kontakt\/\" target=\"_self\"  class=\"qbutton  white default\" style=\"\">Kontakt<\/a>[\/vc_column_inner][vc_column_inner width=&#8220;1\/2&#8243;][\/vc_column_inner][\/vc_row_inner][\/vc_column][\/vc_row]<\/p>\n<\/div>","protected":false},"excerpt":{"rendered":"<p>[vc_row css_animation=&#8220;&#8220; row_type=&#8220;row&#8220; use_row_as_full_screen_section=&#8220;no&#8220; type=&#8220;full_width&#8220; angled_section=&#8220;no&#8220; text_align=&#8220;left&#8220; background_image_as_pattern=&#8220;without_pattern&#8220; z_index=&#8220;&#8220;][vc_column css_animation=&#8220;none&#8220; el_class=&#8220;imgtop img-top-work-9&#8243;][\/vc_column][\/vc_row][vc_row css_animation=&#8220;&#8220; row_type=&#8220;row&#8220; use_row_as_full_screen_section=&#8220;no&#8220; type=&#8220;grid&#8220; angled_section=&#8220;no&#8220; text_align=&#8220;left&#8220; background_image_as_pattern=&#8220;without_pattern&#8220; z_index=&#8220;&#8220;][vc_column css_animation=&#8220;fadeInUp&#8220;][vc_row_inner row_type=&#8220;row&#8220; type=&#8220;grid&#8220; text_align=&#8220;left&#8220; css_animation=&#8220;&#8220;][vc_column_inner el_class=&#8220;intro-us neg-headline-us&#8220;][vc_column_text css=&#8220;&#8220;]UNSERE ARBEITEN[\/vc_column_text][vc_column_text css=&#8220;&#8220;] ITIC &#8211; Fiskalisches Regime f\u00fcr die Energiewende [\/vc_column_text][\/vc_column_inner][\/vc_row_inner][\/vc_column][\/vc_row][vc_row css_animation=&#8220;&#8220; row_type=&#8220;row&#8220; use_row_as_full_screen_section=&#8220;no&#8220; type=&#8220;grid&#8220; angled_section=&#8220;no&#8220; text_align=&#8220;left&#8220; background_image_as_pattern=&#8220;without_pattern&#8220;&#8230;<\/p>\n","protected":false},"author":1,"featured_media":0,"parent":781,"menu_order":0,"comment_status":"closed","ping_status":"closed","template":"full_width.php","meta":{"inline_featured_image":false,"footnotes":""},"class_list":["post-787","page","type-page","status-publish","hentry"],"_links":{"self":[{"href":"https:\/\/blacksquare-economics.com\/de\/wp-json\/wp\/v2\/pages\/787","targetHints":{"allow":["GET"]}}],"collection":[{"href":"https:\/\/blacksquare-economics.com\/de\/wp-json\/wp\/v2\/pages"}],"about":[{"href":"https:\/\/blacksquare-economics.com\/de\/wp-json\/wp\/v2\/types\/page"}],"author":[{"embeddable":true,"href":"https:\/\/blacksquare-economics.com\/de\/wp-json\/wp\/v2\/users\/1"}],"replies":[{"embeddable":true,"href":"https:\/\/blacksquare-economics.com\/de\/wp-json\/wp\/v2\/comments?post=787"}],"version-history":[{"count":4,"href":"https:\/\/blacksquare-economics.com\/de\/wp-json\/wp\/v2\/pages\/787\/revisions"}],"predecessor-version":[{"id":941,"href":"https:\/\/blacksquare-economics.com\/de\/wp-json\/wp\/v2\/pages\/787\/revisions\/941"}],"up":[{"embeddable":true,"href":"https:\/\/blacksquare-economics.com\/de\/wp-json\/wp\/v2\/pages\/781"}],"wp:attachment":[{"href":"https:\/\/blacksquare-economics.com\/de\/wp-json\/wp\/v2\/media?parent=787"}],"curies":[{"name":"wp","href":"https:\/\/api.w.org\/{rel}","templated":true}]}}