{"id":821,"date":"2024-12-09T14:59:33","date_gmt":"2024-12-09T14:59:33","guid":{"rendered":"https:\/\/blacksquare-economics.com\/?page_id=821"},"modified":"2024-12-18T10:44:20","modified_gmt":"2024-12-18T10:44:20","slug":"karriere","status":"publish","type":"page","link":"https:\/\/blacksquare-economics.com\/de\/karriere\/","title":{"rendered":"Karriere"},"content":{"rendered":"<div class=\"wpb-content-wrapper\"><p>[vc_row css_animation=&#8220;&#8220; row_type=&#8220;row&#8220; use_row_as_full_screen_section=&#8220;no&#8220; type=&#8220;full_width&#8220; angled_section=&#8220;no&#8220; text_align=&#8220;left&#8220; background_image_as_pattern=&#8220;without_pattern&#8220; z_index=&#8220;&#8220;][vc_column css_animation=&#8220;none&#8220; el_class=&#8220;imgtop img-top-career&#8220;][\/vc_column][\/vc_row][vc_row css_animation=&#8220;&#8220; row_type=&#8220;row&#8220; use_row_as_full_screen_section=&#8220;no&#8220; type=&#8220;grid&#8220; angled_section=&#8220;no&#8220; text_align=&#8220;left&#8220; background_image_as_pattern=&#8220;without_pattern&#8220; z_index=&#8220;&#8220;][vc_column css_animation=&#8220;fadeInUp&#8220;][vc_row_inner row_type=&#8220;row&#8220; type=&#8220;grid&#8220; text_align=&#8220;left&#8220; css_animation=&#8220;&#8220;][vc_column_inner el_class=&#8220;intro-us neg-headline-us&#8220;][vc_column_text css=&#8220;&#8220;]KARRIERE[\/vc_column_text][vc_column_text css=&#8220;&#8220;]<\/p>\n<h1>Arbeiten Sie mit uns<\/h1>\n<p>[\/vc_column_text][\/vc_column_inner][\/vc_row_inner][\/vc_column][\/vc_row][vc_row css_animation=&#8220;&#8220; row_type=&#8220;row&#8220; use_row_as_full_screen_section=&#8220;no&#8220; type=&#8220;grid&#8220; angled_section=&#8220;no&#8220; text_align=&#8220;left&#8220; background_image_as_pattern=&#8220;without_pattern&#8220; z_index=&#8220;&#8220; el_class=&#8220;space-row jobs&#8220;][vc_column css_animation=&#8220;none&#8220;][vc_row_inner row_type=&#8220;row&#8220; type=&#8220;grid&#8220; text_align=&#8220;left&#8220; css_animation=&#8220;element_from_fade&#8220;][vc_column_inner width=&#8220;9\/12&#8243;][vc_column_text css=&#8220;&#8220;]<\/p>\n<h2>M\u00f6chten Sie Ihre \u00f6konomischen F\u00e4higkeiten auf reale Probleme anwenden und wissen, dass Ihre Arbeit einen Unterschied macht?<\/h2>\n<p>In unserem Unternehmen sind wir leidenschaftlich an Wirtschaftsthemen interessiert und setzen \u00f6konomisches Denken, Werkzeuge und Methoden ein, um f\u00fcr unsere Kunden echten Mehrwert zu schaffen. Wir sind stolz darauf, ein kollaboratives Arbeitsumfeld mit flachen Hierarchien zu f\u00f6rdern, in dem Teamarbeit einen hohen Stellenwert hat.<\/p>\n<p><strong>Werden Sie Teil unseres Teams, und Sie haben die M\u00f6glichkeit:<\/strong><\/p>\n<ul>\n<li>Tiefgehendes \u00f6konomisches Denken sowohl auf akademischem als auch auf praktischem Niveau zu entwickeln und anzuwenden.<\/li>\n<li>Mit f\u00fchrenden Partnern, Teammitgliedern, Kooperationspartnern und Kunden zusammenzuarbeiten.<\/li>\n<li>In einem unterst\u00fctzenden und inspirierenden Umfeld erfolgreich zu sein, das Sie ermutigt, Projekte zu leiten und neue Gesch\u00e4ftsm\u00f6glichkeiten zu erschlie\u00dfen.<\/li>\n<\/ul>\n<p>[\/vc_column_text][vc_column_text css=&#8220;.vc_custom_1734448746511{margin-top: 35px !important;}&#8220;]<\/p>\n<h2>Eigenschaften, die wir sch\u00e4tzen<\/h2>\n<h3>ECONOMIC SKILLS<\/h3>\n<p>Wir nutzen \u00f6konomische \u00a0Werkzeuge, um reale Probleme zu l\u00f6sen und \u00f6ffentliche Politiken, Unternehmen und die Gesellschaft zu verbessern. Oft erfordert dies, unsere \u00f6konomischen Ans\u00e4tze an die spezifischen Fragestellungen unserer Kund*innen anzupassen. Kreativit\u00e4t und Flexibilit\u00e4t sind dabei entscheidend.<\/p>\n<h3>KOMMUNIKATION<\/h3>\n<p>Wir legen gro\u00dfen Wert auf die F\u00e4higkeit, wirtschaftliche Erkenntnisse effektiv an unsere Kund*innen und die \u00d6ffentlichkeit zu vermitteln. Wir sind \u00fcberzeugt, dass eine wirklich erfolgreiche Kundenbeziehung davon abh\u00e4ngt, klare und \u00fcberzeugende Geschichten zu erz\u00e4hlen, die einen echten Mehrwert schaffen.<\/p>\n<h3>F\u00dcHRUNG<\/h3>\n<p>Wir alle \u00fcbernehmen F\u00fchrung in unserem beruflichen Umfeld, indem wir unsere Kernprinzipien und Werte einhalten. Wir bauen auf den individuellen St\u00e4rken jedes Einzelnen auf und sorgen f\u00fcr kontinuierliche Weiterentwicklung und Wachstum, sodass jeder sein volles Potenzial aussch\u00f6pfen kann.[\/vc_column_text][vc_column_text css=&#8220;.vc_custom_1734448814950{margin-top: 35px !important;}&#8220;]<\/p>\n<h2>Stellenangebote<\/h2>\n<p>Derzeit haben wir keine offenen Stellen zu besetzen, aber Sie k\u00f6nnen uns gerne eine Initiativbewerbung an <a href=\"mailto:office@blacksquare-economics.com\">office@blacksquare-economics.com<\/a> senden.[\/vc_column_text][\/vc_column_inner][\/vc_row_inner][vc_row_inner row_type=&#8220;row&#8220; type=&#8220;full_width&#8220; text_align=&#8220;left&#8220; css_animation=&#8220;&#8220; css=&#8220;.vc_custom_1733827783297{margin-top: 40px !important;}&#8220;][vc_column_inner el_class=&#8220;dis-none&#8220; width=&#8220;7\/12&#8243;][vc_column_text css=&#8220;&#8220; el_class=&#8220;jobs-inside&#8220;]<\/p>\n<h3>Internship<\/h3>\n<p>Location: Berlin<br \/>\nApplication deadline: 20.12.2024<\/p>\n<p>Short description<\/p>\n<p><a href=\"https:\/\/blacksquare-economics.com\/de\/karriere\/karriere-vorlage\/\"><strong>\u00bb Mehr erfahren<\/strong><\/a>[\/vc_column_text][\/vc_column_inner][\/vc_row_inner][\/vc_column][\/vc_row][vc_row css_animation=&#8220;&#8220; row_type=&#8220;row&#8220; use_row_as_full_screen_section=&#8220;no&#8220; type=&#8220;full_width&#8220; angled_section=&#8220;no&#8220; text_align=&#8220;left&#8220; background_image_as_pattern=&#8220;without_pattern&#8220; z_index=&#8220;&#8220; el_class=&#8220;space-row&#8220;][vc_column css_animation=&#8220;none&#8220; el_class=&#8220;imgfooter&#8220;][\/vc_column][\/vc_row][vc_row css_animation=&#8220;&#8220; row_type=&#8220;row&#8220; use_row_as_full_screen_section=&#8220;no&#8220; type=&#8220;full_width&#8220; angled_section=&#8220;no&#8220; text_align=&#8220;left&#8220; background_image_as_pattern=&#8220;without_pattern&#8220;][vc_column css_animation=&#8220;none&#8220;][vc_row_inner row_type=&#8220;row&#8220; type=&#8220;grid&#8220; text_align=&#8220;left&#8220; css_animation=&#8220;&#8220;][vc_column_inner el_class=&#8220;footertxt neg-line-footer&#8220; width=&#8220;1\/2&#8243;][vc_column_text css=&#8220;.vc_custom_1734440849037{margin-bottom: 30px !important;}&#8220;]<\/p>\n<h5>Kontaktieren Sie uns<\/h5>\n<p>Wenn Sie Fragen zu unseren Dienstleistungen oder Arbeiten haben, freuen wir uns, von Ihnen zu h\u00f6ren. [\/vc_column_text]<a  itemprop=\"url\" href=\"https:\/\/blacksquare-economics.com\/de\/kontakt\/\" target=\"_self\"  class=\"qbutton  white default\" style=\"\">Kontakt<\/a>[\/vc_column_inner][vc_column_inner width=&#8220;1\/2&#8243;][\/vc_column_inner][\/vc_row_inner][\/vc_column][\/vc_row]<\/p>\n<\/div>","protected":false},"excerpt":{"rendered":"<p>[vc_row css_animation=&#8220;&#8220; row_type=&#8220;row&#8220; use_row_as_full_screen_section=&#8220;no&#8220; type=&#8220;full_width&#8220; angled_section=&#8220;no&#8220; text_align=&#8220;left&#8220; background_image_as_pattern=&#8220;without_pattern&#8220; z_index=&#8220;&#8220;][vc_column css_animation=&#8220;none&#8220; el_class=&#8220;imgtop img-top-career&#8220;][\/vc_column][\/vc_row][vc_row css_animation=&#8220;&#8220; row_type=&#8220;row&#8220; use_row_as_full_screen_section=&#8220;no&#8220; type=&#8220;grid&#8220; angled_section=&#8220;no&#8220; text_align=&#8220;left&#8220; background_image_as_pattern=&#8220;without_pattern&#8220; z_index=&#8220;&#8220;][vc_column css_animation=&#8220;fadeInUp&#8220;][vc_row_inner row_type=&#8220;row&#8220; type=&#8220;grid&#8220; text_align=&#8220;left&#8220; css_animation=&#8220;&#8220;][vc_column_inner el_class=&#8220;intro-us neg-headline-us&#8220;][vc_column_text css=&#8220;&#8220;]KARRIERE[\/vc_column_text][vc_column_text css=&#8220;&#8220;] Arbeiten Sie mit uns [\/vc_column_text][\/vc_column_inner][\/vc_row_inner][\/vc_column][\/vc_row][vc_row css_animation=&#8220;&#8220; row_type=&#8220;row&#8220; use_row_as_full_screen_section=&#8220;no&#8220; type=&#8220;grid&#8220; angled_section=&#8220;no&#8220; text_align=&#8220;left&#8220; background_image_as_pattern=&#8220;without_pattern&#8220; z_index=&#8220;&#8220; el_class=&#8220;space-row jobs&#8220;][vc_column css_animation=&#8220;none&#8220;][vc_row_inner&#8230;<\/p>\n","protected":false},"author":1,"featured_media":0,"parent":0,"menu_order":0,"comment_status":"closed","ping_status":"closed","template":"full_width.php","meta":{"inline_featured_image":false,"footnotes":""},"class_list":["post-821","page","type-page","status-publish","hentry"],"_links":{"self":[{"href":"https:\/\/blacksquare-economics.com\/de\/wp-json\/wp\/v2\/pages\/821","targetHints":{"allow":["GET"]}}],"collection":[{"href":"https:\/\/blacksquare-economics.com\/de\/wp-json\/wp\/v2\/pages"}],"about":[{"href":"https:\/\/blacksquare-economics.com\/de\/wp-json\/wp\/v2\/types\/page"}],"author":[{"embeddable":true,"href":"https:\/\/blacksquare-economics.com\/de\/wp-json\/wp\/v2\/users\/1"}],"replies":[{"embeddable":true,"href":"https:\/\/blacksquare-economics.com\/de\/wp-json\/wp\/v2\/comments?post=821"}],"version-history":[{"count":7,"href":"https:\/\/blacksquare-economics.com\/de\/wp-json\/wp\/v2\/pages\/821\/revisions"}],"predecessor-version":[{"id":904,"href":"https:\/\/blacksquare-economics.com\/de\/wp-json\/wp\/v2\/pages\/821\/revisions\/904"}],"wp:attachment":[{"href":"https:\/\/blacksquare-economics.com\/de\/wp-json\/wp\/v2\/media?parent=821"}],"curies":[{"name":"wp","href":"https:\/\/api.w.org\/{rel}","templated":true}]}}